{"id":439,"date":"2018-11-08T16:04:47","date_gmt":"2018-11-08T15:04:47","guid":{"rendered":"https:\/\/www.fonderie-charollaise.fr\/?page_id=439"},"modified":"2018-11-13T11:49:38","modified_gmt":"2018-11-13T10:49:38","slug":"home","status":"publish","type":"page","link":"https:\/\/www.fonderie-charollaise.fr\/en\/","title":{"rendered":"Home"},"content":{"rendered":"<p>[et_pb_section fb_built=&#8221;1&#8243; fullwidth=&#8221;on&#8221; _builder_version=&#8221;3.0.47&#8243;][et_pb_fullwidth_slider module_class=&#8221;slider&#8221; _builder_version=&#8221;3.9&#8243; header_font_size=&#8221;40&#8243; header_font_size_tablet=&#8221;26&#8243; header_font_size_phone=&#8221;21&#8243; header_font_size_last_edited=&#8221;on|tablet&#8221; background_position=&#8221;top_left&#8221; remove_inner_shadow=&#8221;off&#8221; hide_content_on_mobile=&#8221;off&#8221; hide_cta_on_mobile=&#8221;off&#8221;][et_pb_slide heading=&#8221;Cast iron and steel casting&#8221; use_bg_overlay=&#8221;off&#8221; use_text_overlay=&#8221;off&#8221; _builder_version=&#8221;3.0.47&#8243; header_font=&#8221;||||&#8221; header_font_size_tablet=&#8221;43&#8243; header_font_size_phone=&#8221;43&#8243; body_font=&#8221;||||&#8221; background_color=&#8221;#ffffff&#8221; background_image=&#8221;https:\/\/www.fonderie-charollaise.fr\/wp-content\/uploads\/2016\/05\/pub1.jpg&#8221; background_size=&#8221;default&#8221; background_position=&#8221;default&#8221; button_icon_placement=&#8221;right&#8221; button_on_hover=&#8221;on&#8221;] [\/et_pb_slide][\/et_pb_fullwidth_slider][\/et_pb_section][et_pb_section fb_built=&#8221;1&#8243; admin_label=&#8221;section&#8221; _builder_version=&#8221;3.0.47&#8243;][et_pb_row padding_mobile=&#8221;off&#8221; column_padding_mobile=&#8221;on&#8221; parallax_method_1=&#8221;off&#8221; parallax_method_2=&#8221;off&#8221; parallax_method_3=&#8221;off&#8221; admin_label=&#8221;row&#8221; module_class=&#8221;nos-marches&#8221; _builder_version=&#8221;3.0.48&#8243; background_size=&#8221;initial&#8221; background_position=&#8221;top_left&#8221; background_repeat=&#8221;repeat&#8221;][et_pb_column type=&#8221;1_3&#8243; _builder_version=&#8221;3.0.47&#8243; column_padding_mobile=&#8221;on&#8221; parallax=&#8221;off&#8221; parallax_method=&#8221;off&#8221;][et_pb_text _builder_version=&#8221;3.9&#8243; background_size=&#8221;initial&#8221; background_position=&#8221;top_left&#8221; background_repeat=&#8221;repeat&#8221; text_orientation=&#8221;center&#8221; module_alignment=&#8221;center&#8221; use_border_color=&#8221;off&#8221; border_color=&#8221;#ffffff&#8221; border_style=&#8221;solid&#8221;]<\/p>\n<h4><a href=\"https:\/\/www.fonderie-charollaise.fr\/en\/our-markets\/railway-operation\/\">Railway operation<\/a><\/h4>\n<p>[\/et_pb_text][et_pb_blurb url=&#8221;https:\/\/www.fonderie-charollaise.fr\/en\/our-markets\/railway-operation\/&#8221; image=&#8221;https:\/\/www.fonderie-charollaise.fr\/wp-content\/uploads\/2016\/10\/corps-de-boite-e1476884514915.jpg&#8221; alt=&#8221;Constructions m\u00e9caniques&#8221; _builder_version=&#8221;3.9&#8243; background_size=&#8221;initial&#8221; background_position=&#8221;top_left&#8221; background_repeat=&#8221;repeat&#8221; text_orientation=&#8221;center&#8221; use_border_color=&#8221;off&#8221; border_color=&#8221;#ffffff&#8221; border_style=&#8221;solid&#8221;][\/et_pb_blurb][et_pb_text _builder_version=&#8221;3.9&#8243; background_size=&#8221;initial&#8221; background_position=&#8221;top_left&#8221; background_repeat=&#8221;repeat&#8221; text_orientation=&#8221;center&#8221; module_alignment=&#8221;center&#8221; use_border_color=&#8221;off&#8221; border_color=&#8221;#ffffff&#8221; border_style=&#8221;solid&#8221;]<\/p>\n<h4><a href=\"https:\/\/www.fonderie-charollaise.fr\/en\/our-markets\/steel-industry\/\">Steel industry<\/a><\/h4>\n<p>[\/et_pb_text][et_pb_blurb url=&#8221;https:\/\/www.fonderie-charollaise.fr\/en\/our-markets\/steel-industry\/&#8221; image=&#8221;https:\/\/www.fonderie-charollaise.fr\/wp-content\/uploads\/2016\/10\/GALET-PORTEUR-FONTE-FGS-600-7.jpg&#8221; alt=&#8221;Transport&#8221; _builder_version=&#8221;3.9&#8243; background_size=&#8221;initial&#8221; background_position=&#8221;top_left&#8221; background_repeat=&#8221;repeat&#8221; text_orientation=&#8221;center&#8221; use_border_color=&#8221;off&#8221; border_color=&#8221;#ffffff&#8221; border_style=&#8221;solid&#8221;][\/et_pb_blurb][\/et_pb_column][et_pb_column type=&#8221;1_3&#8243; _builder_version=&#8221;3.0.47&#8243; column_padding_mobile=&#8221;on&#8221; parallax=&#8221;off&#8221; parallax_method=&#8221;off&#8221;][et_pb_text _builder_version=&#8221;3.9&#8243; background_size=&#8221;initial&#8221; background_position=&#8221;top_left&#8221; background_repeat=&#8221;repeat&#8221; text_orientation=&#8221;center&#8221; module_alignment=&#8221;center&#8221; use_border_color=&#8221;off&#8221; border_color=&#8221;#ffffff&#8221; border_style=&#8221;solid&#8221;]<\/p>\n<h4><a href=\"https:\/\/www.fonderie-charollaise.fr\/en\/our-markets\/energy\/\">Energy<\/a><\/h4>\n<p>[\/et_pb_text][et_pb_blurb url=&#8221;https:\/\/www.fonderie-charollaise.fr\/en\/our-markets\/energy\/&#8221; image=&#8221;https:\/\/www.fonderie-charollaise.fr\/wp-content\/uploads\/2016\/05\/Energies-fossiles-et-renouvelables.jpg&#8221; alt=&#8221;Energies fossiles &#038; renouvelables&#8221; _builder_version=&#8221;3.9&#8243; background_size=&#8221;initial&#8221; background_position=&#8221;top_left&#8221; background_repeat=&#8221;repeat&#8221; text_orientation=&#8221;center&#8221; use_border_color=&#8221;off&#8221; border_color=&#8221;#ffffff&#8221; border_style=&#8221;solid&#8221;][\/et_pb_blurb][et_pb_text _builder_version=&#8221;3.9&#8243; background_size=&#8221;initial&#8221; background_position=&#8221;top_left&#8221; background_repeat=&#8221;repeat&#8221; text_orientation=&#8221;center&#8221; module_alignment=&#8221;center&#8221; use_border_color=&#8221;off&#8221; border_color=&#8221;#ffffff&#8221; border_style=&#8221;solid&#8221;]<\/p>\n<h4><a href=\"https:\/\/www.fonderie-charollaise.fr\/en\/our-markets\/cement-plant\/\">Cement plant<\/a><\/h4>\n<p>[\/et_pb_text][et_pb_blurb url=&#8221;https:\/\/www.fonderie-charollaise.fr\/en\/our-markets\/cement-plant\/&#8221; image=&#8221;https:\/\/www.fonderie-charollaise.fr\/wp-content\/uploads\/2016\/10\/PLAQUE-AIR-QUENCHING-ACIER-REFRACTAIRE-Z-50-CNMNb-16-10-4-1.jpg&#8221; alt=&#8221;Transport des fluides&#8221; _builder_version=&#8221;3.9&#8243; background_size=&#8221;initial&#8221; background_position=&#8221;top_left&#8221; background_repeat=&#8221;repeat&#8221; text_orientation=&#8221;center&#8221; use_border_color=&#8221;off&#8221; border_color=&#8221;#ffffff&#8221; border_style=&#8221;solid&#8221;][\/et_pb_blurb][\/et_pb_column][et_pb_column type=&#8221;1_3&#8243; _builder_version=&#8221;3.0.47&#8243; column_padding_mobile=&#8221;on&#8221; parallax=&#8221;off&#8221; parallax_method=&#8221;off&#8221;][et_pb_text _builder_version=&#8221;3.9&#8243; background_size=&#8221;initial&#8221; background_position=&#8221;top_left&#8221; background_repeat=&#8221;repeat&#8221; text_orientation=&#8221;center&#8221; module_alignment=&#8221;center&#8221; use_border_color=&#8221;off&#8221; border_color=&#8221;#ffffff&#8221; border_style=&#8221;solid&#8221;]<\/p>\n<h4><a href=\"https:\/\/www.fonderie-charollaise.fr\/en\/our-markets\/petrochemical\/\">Petrochemical<\/a><\/h4>\n<p>[\/et_pb_text][et_pb_blurb url=&#8221;https:\/\/www.fonderie-charollaise.fr\/en\/our-markets\/petrochemical\/&#8221; image=&#8221;https:\/\/www.fonderie-charollaise.fr\/wp-content\/uploads\/2016\/05\/Industries-lourdes.jpg&#8221; alt=&#8221;Industries lourdes&#8221; _builder_version=&#8221;3.9&#8243; background_size=&#8221;initial&#8221; background_position=&#8221;top_left&#8221; background_repeat=&#8221;repeat&#8221; text_orientation=&#8221;center&#8221; use_border_color=&#8221;off&#8221; border_color=&#8221;#ffffff&#8221; border_style=&#8221;solid&#8221;][\/et_pb_blurb][et_pb_text _builder_version=&#8221;3.9&#8243; background_size=&#8221;initial&#8221; background_position=&#8221;top_left&#8221; background_repeat=&#8221;repeat&#8221; text_orientation=&#8221;center&#8221; module_alignment=&#8221;center&#8221; use_border_color=&#8221;off&#8221; border_color=&#8221;#ffffff&#8221; border_style=&#8221;solid&#8221;]<\/p>\n<h4><a href=\"https:\/\/www.fonderie-charollaise.fr\/en\/our-markets\/public-works\/\">Public works<\/a><\/h4>\n<p>[\/et_pb_text][et_pb_blurb url=&#8221;https:\/\/www.fonderie-charollaise.fr\/en\/our-markets\/public-works\/&#8221; image=&#8221;https:\/\/www.fonderie-charollaise.fr\/wp-content\/uploads\/2016\/05\/Travaux-Publics.jpg&#8221; alt=&#8221;Travaux plublics&#8221; _builder_version=&#8221;3.9&#8243; background_size=&#8221;initial&#8221; background_position=&#8221;top_left&#8221; background_repeat=&#8221;repeat&#8221; text_orientation=&#8221;center&#8221; use_border_color=&#8221;off&#8221; border_color=&#8221;#ffffff&#8221; border_style=&#8221;solid&#8221;][\/et_pb_blurb][\/et_pb_column][\/et_pb_row][\/et_pb_section][et_pb_section fb_built=&#8221;1&#8243; custom_padding_last_edited=&#8221;on|desktop&#8221; _builder_version=&#8221;3.0.74&#8243; background_color=&#8221;#ddcdb8&#8243; custom_padding_tablet=&#8221;50px|0|50px|0&#8243; transparent_background=&#8221;off&#8221; padding_mobile=&#8221;off&#8221;][et_pb_row _builder_version=&#8221;3.0.48&#8243; background_size=&#8221;initial&#8221; background_position=&#8221;top_left&#8221; background_repeat=&#8221;repeat&#8221;][et_pb_column type=&#8221;1_3&#8243; _builder_version=&#8221;3.0.47&#8243; parallax=&#8221;off&#8221; parallax_method=&#8221;on&#8221;][et_pb_image src=&#8221;https:\/\/www.fonderie-charollaise.fr\/wp-content\/uploads\/2016\/05\/societe-e1462867111682.jpg&#8221; alt=&#8221;La soci\u00e9t\u00e9&#8221; title_text=&#8221;La soci\u00e9t\u00e9&#8221; _builder_version=&#8221;3.0.87&#8243; use_border_color=&#8221;off&#8221; border_color=&#8221;#ffffff&#8221; border_style=&#8221;solid&#8221; animation=&#8221;off&#8221; sticky=&#8221;off&#8221;][\/et_pb_image][\/et_pb_column][et_pb_column type=&#8221;2_3&#8243; _builder_version=&#8221;3.0.47&#8243; parallax=&#8221;off&#8221; parallax_method=&#8221;on&#8221;][et_pb_cta title=&#8221;The company&#8221; button_url=&#8221;https:\/\/www.fonderie-charollaise.fr\/en\/the-company\/&#8221; button_text=&#8221;Read more&#8221; module_class=&#8221;societe&#8221; _builder_version=&#8221;3.9&#8243; use_background_color=&#8221;off&#8221; background_size=&#8221;initial&#8221; background_position=&#8221;top_left&#8221; background_repeat=&#8221;repeat&#8221; text_orientation=&#8221;left&#8221; background_layout=&#8221;light&#8221; use_border_color=&#8221;off&#8221; border_color=&#8221;#ffffff&#8221; border_style=&#8221;solid&#8221;]<\/p>\n<p style=\"text-align: justify;\">Charollaise Foundry was founded in 1984 as the result of the takeover of Fournier Mouillon. The company is located in Sa\u00f4ne-et-Loire in Burgundy, the crossroads for the most important transit routes in Europe (140 km to the north-west of Lyon and 120 km to the south-east of Dijon).<\/p>\n<p style=\"text-align: justify;\">Today, Charollaise Foundry operates as an iron-sand foundry that encompasses all levels of production, including design, reverse engineering and product finishing.<\/p>\n<p>[\/et_pb_cta][\/et_pb_column][\/et_pb_row][\/et_pb_section][et_pb_section fb_built=&#8221;1&#8243; _builder_version=&#8221;3.0.47&#8243;][et_pb_row padding_mobile=&#8221;off&#8221; column_padding_mobile=&#8221;on&#8221; parallax_method_1=&#8221;off&#8221; parallax_method_2=&#8221;off&#8221; parallax_method_3=&#8221;off&#8221; module_class=&#8221;logos&#8221; _builder_version=&#8221;3.0.48&#8243; background_size=&#8221;initial&#8221; background_position=&#8221;top_left&#8221; background_repeat=&#8221;repeat&#8221;][et_pb_column type=&#8221;1_3&#8243; _builder_version=&#8221;3.0.47&#8243; column_padding_mobile=&#8221;on&#8221; parallax=&#8221;off&#8221; parallax_method=&#8221;off&#8221;][et_pb_text _builder_version=&#8221;3.9&#8243; background_size=&#8221;initial&#8221; background_position=&#8221;top_left&#8221; background_repeat=&#8221;repeat&#8221; text_orientation=&#8221;center&#8221; module_alignment=&#8221;center&#8221; use_border_color=&#8221;off&#8221; border_color=&#8221;#ffffff&#8221; border_style=&#8221;solid&#8221;]<\/p>\n<h4>Cast iron and steel casting<\/h4>\n<p>[\/et_pb_text][et_pb_image src=&#8221;https:\/\/www.fonderie-charollaise.fr\/wp-content\/uploads\/2016\/05\/logo-fonderie-mathieu.jpg&#8221; alt=&#8221;Fonderie Mathieu&#8221; title_text=&#8221;Fonderie Mathieu&#8221; align=&#8221;center&#8221; _builder_version=&#8221;3.9&#8243; border_width_all=&#8221;2px&#8221; border_color_all=&#8221;#d5d6d7&#8243; animation_style=&#8221;slide&#8221; animation_direction=&#8221;left&#8221; animation_duration=&#8221;500ms&#8221; animation_intensity_slide=&#8221;10%&#8221; use_border_color=&#8221;on&#8221; border_color=&#8221;#d5d6d7&#8243; border_width=&#8221;2px&#8221; border_style=&#8221;solid&#8221; animation=&#8221;left&#8221; sticky=&#8221;off&#8221;][\/et_pb_image][\/et_pb_column][et_pb_column type=&#8221;1_3&#8243; _builder_version=&#8221;3.0.47&#8243; column_padding_mobile=&#8221;on&#8221; parallax=&#8221;off&#8221; parallax_method=&#8221;off&#8221;][et_pb_text _builder_version=&#8221;3.9&#8243; background_size=&#8221;initial&#8221; background_position=&#8221;top_left&#8221; background_repeat=&#8221;repeat&#8221; text_orientation=&#8221;center&#8221; module_alignment=&#8221;center&#8221; use_border_color=&#8221;off&#8221; border_color=&#8221;#ffffff&#8221; border_style=&#8221;solid&#8221;]<\/p>\n<h4>Ferrous metal casting<\/h4>\n<p>[\/et_pb_text][et_pb_image src=&#8221;https:\/\/www.fonderie-charollaise.fr\/wp-content\/uploads\/2016\/05\/logo-fonderie-charolaise.jpg&#8221; alt=&#8221;Fonderie Charolaise&#8221; title_text=&#8221;Fonderie Charolaise&#8221; align=&#8221;center&#8221; _builder_version=&#8221;3.9&#8243; border_width_all=&#8221;2px&#8221; border_color_all=&#8221;#d5d6d7&#8243; animation_style=&#8221;slide&#8221; animation_direction=&#8221;left&#8221; animation_duration=&#8221;500ms&#8221; animation_intensity_slide=&#8221;10%&#8221; use_border_color=&#8221;on&#8221; border_color=&#8221;#d5d6d7&#8243; border_width=&#8221;2px&#8221; border_style=&#8221;solid&#8221; animation=&#8221;left&#8221; sticky=&#8221;off&#8221;][\/et_pb_image][\/et_pb_column][et_pb_column type=&#8221;1_3&#8243; _builder_version=&#8221;3.0.47&#8243; column_padding_mobile=&#8221;on&#8221; parallax=&#8221;off&#8221; parallax_method=&#8221;off&#8221;][et_pb_text _builder_version=&#8221;3.0.87&#8243; background_size=&#8221;initial&#8221; background_position=&#8221;top_left&#8221; background_repeat=&#8221;repeat&#8221; text_orientation=&#8221;center&#8221; module_alignment=&#8221;center&#8221; use_border_color=&#8221;off&#8221; border_color=&#8221;#ffffff&#8221; border_style=&#8221;solid&#8221;]<\/p>\n<h4>Precision engineering<br \/> <\/h4>\n<p>[\/et_pb_text][et_pb_image src=&#8221;https:\/\/www.fonderie-charollaise.fr\/wp-content\/uploads\/2016\/05\/logo-mecanique-de-precision.jpg&#8221; alt=&#8221;M\u00e9canique de pr\u00e9cision&#8221; title_text=&#8221;M\u00e9canique de pr\u00e9cision&#8221; align=&#8221;center&#8221; _builder_version=&#8221;3.9&#8243; border_width_all=&#8221;2px&#8221; border_color_all=&#8221;#d5d6d7&#8243; animation_style=&#8221;slide&#8221; animation_direction=&#8221;left&#8221; animation_duration=&#8221;500ms&#8221; animation_intensity_slide=&#8221;10%&#8221; use_border_color=&#8221;on&#8221; border_color=&#8221;#d5d6d7&#8243; border_width=&#8221;2px&#8221; border_style=&#8221;solid&#8221; animation=&#8221;left&#8221; sticky=&#8221;off&#8221;][\/et_pb_image][\/et_pb_column][\/et_pb_row][\/et_pb_section][et_pb_section fb_built=&#8221;1&#8243; custom_padding_last_edited=&#8221;on|desktop&#8221; _builder_version=&#8221;3.0.74&#8243; background_color=&#8221;rgba(198,190,190,0.3)&#8221; custom_padding_tablet=&#8221;50px|0|50px|0&#8243; transparent_background=&#8221;off&#8221; padding_mobile=&#8221;off&#8221;][et_pb_row padding_mobile=&#8221;off&#8221; column_padding_mobile=&#8221;on&#8221; parallax_method_1=&#8221;off&#8221; module_class=&#8221;derniers-articles&#8221; _builder_version=&#8221;3.0.48&#8243; background_size=&#8221;initial&#8221; background_position=&#8221;top_left&#8221; background_repeat=&#8221;repeat&#8221;][et_pb_column type=&#8221;4_4&#8243; _builder_version=&#8221;3.0.47&#8243; column_padding_mobile=&#8221;on&#8221; parallax=&#8221;off&#8221; parallax_method=&#8221;off&#8221;][et_pb_text _builder_version=&#8221;3.0.87&#8243; background_size=&#8221;initial&#8221; background_position=&#8221;top_left&#8221; background_repeat=&#8221;repeat&#8221; text_orientation=&#8221;center&#8221; module_alignment=&#8221;center&#8221; use_border_color=&#8221;off&#8221; border_color=&#8221;#ffffff&#8221; border_style=&#8221;solid&#8221;]<\/p>\n<h1>Latest posts<\/h1>\n<p>[\/et_pb_text][et_pb_blog fullwidth=&#8221;off&#8221; posts_number=&#8221;3&#8243; meta_date=&#8221;j M, Y&#8221; show_more=&#8221;on&#8221; show_author=&#8221;off&#8221; show_categories=&#8221;off&#8221; show_pagination=&#8221;off&#8221; _builder_version=&#8221;3.0.94&#8243; use_border_color=&#8221;off&#8221; border_color=&#8221;#ffffff&#8221; border_style=&#8221;solid&#8221; use_dropshadow=&#8221;off&#8221;][\/et_pb_blog][\/et_pb_column][\/et_pb_row][\/et_pb_section]<\/p>\n","protected":false},"excerpt":{"rendered":"<p>[et_pb_section fb_built=&#8221;1&#8243; fullwidth=&#8221;on&#8221; _builder_version=&#8221;3.0.47&#8243;][et_pb_fullwidth_slider module_class=&#8221;slider&#8221; _builder_version=&#8221;3.9&#8243; header_font_size=&#8221;40&#8243; header_font_size_tablet=&#8221;26&#8243; header_font_size_phone=&#8221;21&#8243; header_font_size_last_edited=&#8221;on|tablet&#8221; background_position=&#8221;top_left&#8221; remove_inner_shadow=&#8221;off&#8221; hide_content_on_mobile=&#8221;off&#8221; hide_cta_on_mobile=&#8221;off&#8221;][et_pb_slide heading=&#8221;Cast iron and steel casting&#8221; use_bg_overlay=&#8221;off&#8221; use_text_overlay=&#8221;off&#8221; _builder_version=&#8221;3.0.47&#8243; header_font=&#8221;||||&#8221; header_font_size_tablet=&#8221;43&#8243; header_font_size_phone=&#8221;43&#8243; body_font=&#8221;||||&#8221; background_color=&#8221;#ffffff&#8221; background_image=&#8221;https:\/\/www.fonderie-charollaise.fr\/wp-content\/uploads\/2016\/05\/pub1.jpg&#8221; background_size=&#8221;default&#8221; background_position=&#8221;default&#8221; button_icon_placement=&#8221;right&#8221; button_on_hover=&#8221;on&#8221;] [\/et_pb_slide][\/et_pb_fullwidth_slider][\/et_pb_section][et_pb_section fb_built=&#8221;1&#8243; admin_label=&#8221;section&#8221; _builder_version=&#8221;3.0.47&#8243;][et_pb_row padding_mobile=&#8221;off&#8221; column_padding_mobile=&#8221;on&#8221; parallax_method_1=&#8221;off&#8221; parallax_method_2=&#8221;off&#8221; parallax_method_3=&#8221;off&#8221; admin_label=&#8221;row&#8221; module_class=&#8221;nos-marches&#8221; _builder_version=&#8221;3.0.48&#8243; background_size=&#8221;initial&#8221; background_position=&#8221;top_left&#8221; background_repeat=&#8221;repeat&#8221;][et_pb_column type=&#8221;1_3&#8243; _builder_version=&#8221;3.0.47&#8243; column_padding_mobile=&#8221;on&#8221; parallax=&#8221;off&#8221; parallax_method=&#8221;off&#8221;][et_pb_text _builder_version=&#8221;3.9&#8243; background_size=&#8221;initial&#8221; background_position=&#8221;top_left&#8221; [&hellip;]<\/p>\n","protected":false},"author":1,"featured_media":0,"parent":0,"menu_order":0,"comment_status":"closed","ping_status":"closed","template":"","meta":{"footnotes":""},"class_list":["post-439","page","type-page","status-publish","hentry"],"_links":{"self":[{"href":"https:\/\/www.fonderie-charollaise.fr\/en\/wp-json\/wp\/v2\/pages\/439","targetHints":{"allow":["GET"]}}],"collection":[{"href":"https:\/\/www.fonderie-charollaise.fr\/en\/wp-json\/wp\/v2\/pages"}],"about":[{"href":"https:\/\/www.fonderie-charollaise.fr\/en\/wp-json\/wp\/v2\/types\/page"}],"author":[{"embeddable":true,"href":"https:\/\/www.fonderie-charollaise.fr\/en\/wp-json\/wp\/v2\/users\/1"}],"replies":[{"embeddable":true,"href":"https:\/\/www.fonderie-charollaise.fr\/en\/wp-json\/wp\/v2\/comments?post=439"}],"version-history":[{"count":14,"href":"https:\/\/www.fonderie-charollaise.fr\/en\/wp-json\/wp\/v2\/pages\/439\/revisions"}],"predecessor-version":[{"id":970,"href":"https:\/\/www.fonderie-charollaise.fr\/en\/wp-json\/wp\/v2\/pages\/439\/revisions\/970"}],"wp:attachment":[{"href":"https:\/\/www.fonderie-charollaise.fr\/en\/wp-json\/wp\/v2\/media?parent=439"}],"curies":[{"name":"wp","href":"https:\/\/api.w.org\/{rel}","templated":true}]}}