{"id":625,"date":"2018-11-09T15:24:56","date_gmt":"2018-11-09T14:24:56","guid":{"rendered":"https:\/\/www.fonderie-charollaise.fr\/?page_id=625"},"modified":"2018-11-12T14:50:17","modified_gmt":"2018-11-12T13:50:17","slug":"geschichte","status":"publish","type":"page","link":"https:\/\/www.fonderie-charollaise.fr\/de\/firma\/geschichte\/","title":{"rendered":"Geschichte"},"content":{"rendered":"<p>[et_pb_section fb_built=&#8220;1&#8243; admin_label=&#8220;section&#8220; _builder_version=&#8220;3.0.47&#8243;][et_pb_row admin_label=&#8220;row&#8220; _builder_version=&#8220;3.0.47&#8243; background_size=&#8220;initial&#8220; background_position=&#8220;top_left&#8220; background_repeat=&#8220;repeat&#8220;][et_pb_column type=&#8220;4_4&#8243; _builder_version=&#8220;3.0.47&#8243; parallax=&#8220;off&#8220; parallax_method=&#8220;on&#8220;][et_pb_text _builder_version=&#8220;3.9&#8243; use_border_color=&#8220;off&#8220; border_color=&#8220;#ffffff&#8220; border_style=&#8220;solid&#8220;]<\/p>\n<h1>Geschichte<\/h1>\n<p>[\/et_pb_text][\/et_pb_column][\/et_pb_row][et_pb_row _builder_version=&#8220;3.0.48&#8243; background_size=&#8220;initial&#8220; background_position=&#8220;top_left&#8220; background_repeat=&#8220;repeat&#8220;][et_pb_column type=&#8220;1_4&#8243; _builder_version=&#8220;3.0.47&#8243; parallax=&#8220;off&#8220; parallax_method=&#8220;on&#8220;][et_pb_sidebar area=&#8220;et_pb_widget_area_1&#8243; module_class=&#8220;menu-vertical&#8220; _builder_version=&#8220;3.0.74&#8243; remove_border=&#8220;off&#8220;][\/et_pb_sidebar][et_pb_login title=&#8220;Einloggen&#8220; _builder_version=&#8220;3.9&#8243; use_border_color=&#8220;off&#8220; border_color=&#8220;#ffffff&#8220; border_style=&#8220;solid&#8220;][\/et_pb_login][\/et_pb_column][et_pb_column type=&#8220;3_4&#8243; _builder_version=&#8220;3.0.47&#8243; parallax=&#8220;off&#8220; parallax_method=&#8220;on&#8220;][et_pb_text _builder_version=&#8220;3.9&#8243; use_border_color=&#8220;off&#8220; border_color=&#8220;#ffffff&#8220; border_style=&#8220;solid&#8220;]<\/p>\n<ul style=\"text-align: justify;\">\n<li>1984: Gr\u00fcndung des Unternehmens Charollaise durch \u00dcbernahme der Firma Fournier Mouillon<\/li>\n<li>1987: Inbetriebnahme des Hitzebehandlungsofens und der Sandregenerierungsanlage (Recyclingquote von 90 %)<\/li>\n<li>1989: Aufr\u00fcstung der Schmelzger\u00e4te: zwei neue Induktions\u00f6fen, Anschaffung eines Spektrometers<\/li>\n<li>1996: Beginn des Verfahrens PARTISO 1 im Hinblick auf die Zertifikation ISO 9002<\/li>\n<li>1997: Anschaffung und Inbetriebnahme der zweiten automatisierten Gie\u00dfeinheit<\/li>\n<li>1998: Erster Preis f\u00fcr umweltfreundliche Innovationen \u2013 verliehen vom \u201eHaus der Umwelt\u201c (Maison de l\u2019Environnement) und der Stadt Chalon sur Sa\u00f4ne<\/li>\n<li>1998: Zertifizierung ISO 9002 durch das BVQI<\/li>\n<li>2000: Installation eines Entstaubungssystems f\u00fcr die Schmelz\u00f6fen<\/li>\n<li>2002: Zertifizierung ISO 9001: 2000 durch das BVQI<br \/>\n&#8211; Anschaffung einer Strahlanlage mit dazugeh\u00f6rigem Filterentstaubungssystem<br \/>\n&#8211; Anschaffung eines Lagerungssilos f\u00fcr austretende Feinpartikeln des Entstaubungssystems<\/li>\n<li>2003: Anschaffung eines dritten 5 Tonnen schweren Laufkrans<\/li>\n<li>2004: Anschaffung einer neuen Ausschlagrinne und einer Sandregenerierung inklusive eines Filterentstaubungssystems<\/li>\n<li>2005: Anschaffung neuer Mittelspannungsanlagen (Transformatoren und Schaltanlagen), Anschaffung der Software CAO SolidWorks<\/li>\n<li>2006: Aufr\u00fcstung des Hitzebehandlungsofens<\/li>\n<li>2007: Anschaffung eines Sandmischers (20 t\/h) f\u00fcr den handgeformten Guss<\/li>\n<li>2010: Zertifizierung ISO 9001: 2008<\/li>\n<li>2012: Bau eines neuen Entgratungs- und Kontrollgeb\u00e4udes von 1.000 m\u00b2<\/li>\n<li>2013: Fusionierung der Gie\u00dferei Mathieu, M2R (Produktionsfabrik) und der Gie\u00dferei Charlollaise zu einer gemeinsamen Holding-Gesellschaft<\/li>\n<li>2014: Anschaffung eines neuen Z\u00fcndfunkenspektrometers<\/li>\n<li>2016: Anschaffung eines ROMER Messarms inkl. 3D-Scanner und eigener Software<\/li>\n<\/ul>\n<p>Die Gie\u00dferei Charollaise reinvestiert jedes Jahr mindestens 5 % ihres Umsatzes. Dadurch bleiben wir konkurrenzf\u00e4hig, k\u00f6nnen Qualit\u00e4tsprodukte produzieren und unsere Effizienz hochhalten, was letzten Endes das Fortbestehen unseres Unternehmens sichert.<br \/>\n[\/et_pb_text][et_pb_gallery gallery_ids=&#8220;134,128,129,360,256,264,261,368,259&#8243; posts_number=&#8220;9&#8243; show_title_and_caption=&#8220;off&#8220; _builder_version=&#8220;3.0.87&#8243; use_border_color=&#8220;off&#8220; border_color=&#8220;#ffffff&#8220; border_style=&#8220;solid&#8220;][\/et_pb_gallery][et_pb_text admin_label=&#8220;Texte&#8220; _builder_version=&#8220;3.0.87&#8243; background_size=&#8220;initial&#8220; background_position=&#8220;top_left&#8220; background_repeat=&#8220;repeat&#8220; use_border_color=&#8220;off&#8220; border_color=&#8220;#ffffff&#8220; border_style=&#8220;solid&#8220; global_module=&#8220;194&#8243; saved_tabs=&#8220;all&#8220;]<\/p>\n<div class=\"printfriendly pf-button  pf-alignleft\">\n                    <a href=\"https:\/\/www.fonderie-charollaise.fr\/de\/firma\/geschichte\/?pfstyle=wp\" rel=\"nofollow\" onclick=\"\" title=\"Printer Friendly, PDF & Email\">\n                    <img decoding=\"async\" class=\"pf-button-img\" src=\"https:\/\/cdn.printfriendly.com\/buttons\/printfriendly-pdf-button-nobg-md.png\" alt=\"Print Friendly, PDF & Email\" style=\"width: 124px;height: 30px;\"  \/>\n                    <\/a>\n                <\/div>\n<p>[\/et_pb_text][\/et_pb_column][\/et_pb_row][\/et_pb_section]<\/p>\n","protected":false},"excerpt":{"rendered":"<p>[et_pb_section fb_built=&#8220;1&#8243; admin_label=&#8220;section&#8220; _builder_version=&#8220;3.0.47&#8243;][et_pb_row admin_label=&#8220;row&#8220; _builder_version=&#8220;3.0.47&#8243; background_size=&#8220;initial&#8220; background_position=&#8220;top_left&#8220; background_repeat=&#8220;repeat&#8220;][et_pb_column type=&#8220;4_4&#8243; _builder_version=&#8220;3.0.47&#8243; parallax=&#8220;off&#8220; parallax_method=&#8220;on&#8220;][et_pb_text _builder_version=&#8220;3.9&#8243; use_border_color=&#8220;off&#8220; border_color=&#8220;#ffffff&#8220; border_style=&#8220;solid&#8220;] Geschichte [\/et_pb_text][\/et_pb_column][\/et_pb_row][et_pb_row _builder_version=&#8220;3.0.48&#8243; background_size=&#8220;initial&#8220; background_position=&#8220;top_left&#8220; background_repeat=&#8220;repeat&#8220;][et_pb_column type=&#8220;1_4&#8243; _builder_version=&#8220;3.0.47&#8243; parallax=&#8220;off&#8220; parallax_method=&#8220;on&#8220;][et_pb_sidebar area=&#8220;et_pb_widget_area_1&#8243; module_class=&#8220;menu-vertical&#8220; _builder_version=&#8220;3.0.74&#8243; remove_border=&#8220;off&#8220;][\/et_pb_sidebar][et_pb_login title=&#8220;Einloggen&#8220; _builder_version=&#8220;3.9&#8243; use_border_color=&#8220;off&#8220; border_color=&#8220;#ffffff&#8220; border_style=&#8220;solid&#8220;][\/et_pb_login][\/et_pb_column][et_pb_column type=&#8220;3_4&#8243; _builder_version=&#8220;3.0.47&#8243; parallax=&#8220;off&#8220; parallax_method=&#8220;on&#8220;][et_pb_text _builder_version=&#8220;3.9&#8243; use_border_color=&#8220;off&#8220; border_color=&#8220;#ffffff&#8220; border_style=&#8220;solid&#8220;] 1984: Gr\u00fcndung des Unternehmens Charollaise durch \u00dcbernahme der Firma Fournier Mouillon [&hellip;]<\/p>\n","protected":false},"author":1,"featured_media":0,"parent":624,"menu_order":0,"comment_status":"closed","ping_status":"closed","template":"","meta":{"footnotes":""},"class_list":["post-625","page","type-page","status-publish","hentry"],"_links":{"self":[{"href":"https:\/\/www.fonderie-charollaise.fr\/de\/wp-json\/wp\/v2\/pages\/625","targetHints":{"allow":["GET"]}}],"collection":[{"href":"https:\/\/www.fonderie-charollaise.fr\/de\/wp-json\/wp\/v2\/pages"}],"about":[{"href":"https:\/\/www.fonderie-charollaise.fr\/de\/wp-json\/wp\/v2\/types\/page"}],"author":[{"embeddable":true,"href":"https:\/\/www.fonderie-charollaise.fr\/de\/wp-json\/wp\/v2\/users\/1"}],"replies":[{"embeddable":true,"href":"https:\/\/www.fonderie-charollaise.fr\/de\/wp-json\/wp\/v2\/comments?post=625"}],"version-history":[{"count":6,"href":"https:\/\/www.fonderie-charollaise.fr\/de\/wp-json\/wp\/v2\/pages\/625\/revisions"}],"predecessor-version":[{"id":924,"href":"https:\/\/www.fonderie-charollaise.fr\/de\/wp-json\/wp\/v2\/pages\/625\/revisions\/924"}],"up":[{"embeddable":true,"href":"https:\/\/www.fonderie-charollaise.fr\/de\/wp-json\/wp\/v2\/pages\/624"}],"wp:attachment":[{"href":"https:\/\/www.fonderie-charollaise.fr\/de\/wp-json\/wp\/v2\/media?parent=625"}],"curies":[{"name":"wp","href":"https:\/\/api.w.org\/{rel}","templated":true}]}}