{"id":624,"date":"2018-11-09T15:26:31","date_gmt":"2018-11-09T14:26:31","guid":{"rendered":"https:\/\/www.fonderie-charollaise.fr\/?page_id=624"},"modified":"2018-11-14T09:53:59","modified_gmt":"2018-11-14T08:53:59","slug":"firma","status":"publish","type":"page","link":"https:\/\/www.fonderie-charollaise.fr\/de\/firma\/","title":{"rendered":"Firma"},"content":{"rendered":"<p>[et_pb_section fb_built=&#8220;1&#8243; admin_label=&#8220;section&#8220; _builder_version=&#8220;3.0.47&#8243;][et_pb_row admin_label=&#8220;row&#8220; _builder_version=&#8220;3.0.47&#8243; background_size=&#8220;initial&#8220; background_position=&#8220;top_left&#8220; background_repeat=&#8220;repeat&#8220;][et_pb_column type=&#8220;4_4&#8243; _builder_version=&#8220;3.0.47&#8243; parallax=&#8220;off&#8220; parallax_method=&#8220;on&#8220;][et_pb_text _builder_version=&#8220;3.9&#8243; background_size=&#8220;initial&#8220; background_position=&#8220;top_left&#8220; background_repeat=&#8220;repeat&#8220; use_border_color=&#8220;off&#8220;]<\/p>\n<h1>Firma <\/h1>\n<p>[\/et_pb_text][\/et_pb_column][\/et_pb_row][et_pb_row _builder_version=&#8220;3.0.48&#8243; background_size=&#8220;initial&#8220; background_position=&#8220;top_left&#8220; background_repeat=&#8220;repeat&#8220;][et_pb_column type=&#8220;3_4&#8243; _builder_version=&#8220;3.0.47&#8243; parallax=&#8220;off&#8220; parallax_method=&#8220;on&#8220;][et_pb_text _builder_version=&#8220;3.9&#8243; background_size=&#8220;initial&#8220; background_position=&#8220;top_left&#8220; background_repeat=&#8220;repeat&#8220; use_border_color=&#8220;off&#8220; border_color=&#8220;#ffffff&#8220; border_style=&#8220;solid&#8220;]<\/p>\n<p style=\"text-align: justify;\">Die Gie\u00dferei Charollaise wurde 1984 durch die \u00dcbernahme der Firma Fournier Mouillon gegr\u00fcndet. Das Unternehmen ist an der Sa\u00f4ne und an der Loire im Burgund ans\u00e4ssig \u2013 die Schnittstelle der wichtigsten europ\u00e4ischen Transitstrecken (140 km nordwestlich von Lyon und 120 km s\u00fcd\u00f6stlich von Dijon).<\/p>\n<p style=\"text-align: justify;\">Die Gie\u00dferei Charollaise ist heute eine Eisenmetallsandgie\u00dferei, die alle Fertigungsstufen vom Design \u00fcber das Reverse Engineering bis hin zur Produktveredelung beherrscht :<\/p>\n<ul>\n<li style=\"text-align: justify;\">Technische Abkl\u00e4rungen, Fertigung, Entwicklung<img loading=\"lazy\" decoding=\"async\" class=\"alignright size-medium wp-image-367\" src=\"https:\/\/www.fonderie-charollaise.fr\/wp-content\/uploads\/2016\/10\/2007_1029LFCATELIER0005-300x225.jpg\" alt=\"2007_1029lfcatelier0005\" width=\"300\" height=\"225\" srcset=\"https:\/\/www.fonderie-charollaise.fr\/wp-content\/uploads\/2016\/10\/2007_1029LFCATELIER0005-300x225.jpg 300w, https:\/\/www.fonderie-charollaise.fr\/wp-content\/uploads\/2016\/10\/2007_1029LFCATELIER0005-768x576.jpg 768w, https:\/\/www.fonderie-charollaise.fr\/wp-content\/uploads\/2016\/10\/2007_1029LFCATELIER0005.jpg 1024w\" sizes=\"auto, (max-width: 300px) 100vw, 300px\" \/><\/li>\n<li style=\"text-align: justify;\">Formen, Schmelzen<\/li>\n<li style=\"text-align: justify;\">W\u00e4rmebehandlung<\/li>\n<li style=\"text-align: justify;\">Kontrollen, Bearbeitung, Montagen<\/li>\n<\/ul>\n<p style=\"text-align: justify;\">Unsere metallurgischen Bereiche sind die folgende :<\/p>\n<ul>\n<li style=\"text-align: justify;\">Gew\u00f6hnliches Gusseisen<\/li>\n<li style=\"text-align: justify;\">Niedrig- und hochlegiertes Gusseisen<\/li>\n<li style=\"text-align: justify;\">Gew\u00f6hnlicher Stahl<\/li>\n<li style=\"text-align: justify;\">Niedriglegierter und legierter Stahl<\/li>\n<li style=\"text-align: justify;\">Rostfreier und feuerfester Stahl<\/li>\n<li style=\"text-align: justify;\">Superalliages, bases nickel, bases cobalt.<\/li>\n<\/ul>\n<p style=\"text-align: justify;\">Im Jahr 2013 schloss sich die Gie\u00dferei Charollaise mit der Gie\u00dferei Mathieu zusammen, um ihren Kunden eine perfekte Kombination der verschiedenen Dienstleistungen anzubieten.<\/p>\n<p style=\"text-align: justify;\">Dank der Digitalisierung und dem Reverse Engineering k\u00f6nnen wir auf der Grundlage gebrauchter oder neuer Zeichnungen bzw. Normteilen alle Kundenw\u00fcnsche erf\u00fcllen.<\/p>\n<p style=\"text-align: justify;\">Die Gie\u00dferei Charollaise ist nach ISO 9001 V2008 zertifiziert.<img loading=\"lazy\" decoding=\"async\" class=\"alignright size-medium wp-image-369\" src=\"https:\/\/www.fonderie-charollaise.fr\/wp-content\/uploads\/2016\/10\/2007_1029LFCATELIER0033-300x225.jpg\" alt=\"2007_1029lfcatelier0033\" width=\"300\" height=\"225\" srcset=\"https:\/\/www.fonderie-charollaise.fr\/wp-content\/uploads\/2016\/10\/2007_1029LFCATELIER0033-300x225.jpg 300w, https:\/\/www.fonderie-charollaise.fr\/wp-content\/uploads\/2016\/10\/2007_1029LFCATELIER0033-768x576.jpg 768w, https:\/\/www.fonderie-charollaise.fr\/wp-content\/uploads\/2016\/10\/2007_1029LFCATELIER0033.jpg 1024w\" sizes=\"auto, (max-width: 300px) 100vw, 300px\" \/><\/p>\n<p>In Zusammenarbeit mit der Gie\u00dferei Mathieu exportieren wir unser Know-how :<\/p>\n<p>Nach Europa :<\/p>\n<ul>\n<li>Deutschland<\/li>\n<li>Belgien<\/li>\n<li>Spanien<\/li>\n<li>Schweiz<\/li>\n<li>Niederlande<\/li>\n<li>Italien<\/li>\n<li>Skandinavien (Schweden, Norwegen, \u2026)<\/li>\n<\/ul>\n<p>Und dar\u00fcber hinaus :<\/p>\n<ul>\n<li>Nord- und S\u00fcdamerika<\/li>\n<li>Maghreb-Staaten<\/li>\n<li>Neukaledonien<\/li>\n<\/ul>\n<p>[\/et_pb_text][et_pb_text _builder_version=&#8220;3.0.87&#8243; background_size=&#8220;initial&#8220; background_position=&#8220;top_left&#8220; background_repeat=&#8220;repeat&#8220; use_border_color=&#8220;off&#8220; border_color=&#8220;#ffffff&#8220; border_style=&#8220;solid&#8220; saved_tabs=&#8220;all&#8220;]<div class=\"printfriendly pf-button  pf-alignleft\">\n                    <a href=\"https:\/\/www.fonderie-charollaise.fr\/de\/firma\/?pfstyle=wp\" rel=\"nofollow\" onclick=\"\" title=\"Printer Friendly, PDF & Email\">\n                    <img decoding=\"async\" class=\"pf-button-img\" src=\"https:\/\/cdn.printfriendly.com\/buttons\/printfriendly-pdf-button-nobg-md.png\" alt=\"Print Friendly, PDF & Email\" style=\"width: 124px;height: 30px;\"  \/>\n                    <\/a>\n                <\/div><br \/>\n[\/et_pb_text][\/et_pb_column][et_pb_column type=&#8220;1_4&#8243; _builder_version=&#8220;3.0.47&#8243; parallax=&#8220;off&#8220; parallax_method=&#8220;on&#8220;][et_pb_login title=&#8220;Einloggen&#8220; _builder_version=&#8220;3.9&#8243; use_border_color=&#8220;off&#8220; border_color=&#8220;#ffffff&#8220; border_style=&#8220;solid&#8220;][\/et_pb_login][et_pb_text module_class=&#8220;bloc-contact&#8220; _builder_version=&#8220;3.0.87&#8243; background_size=&#8220;initial&#8220; background_position=&#8220;top_left&#8220; background_repeat=&#8220;repeat&#8220; use_border_color=&#8220;off&#8220; border_color=&#8220;#ffffff&#8220; border_style=&#8220;solid&#8220;]<\/p>\n<h4>Kontakt<\/h4>\n<ul>\n<li class=\"home\"><img loading=\"lazy\" decoding=\"async\" class=\"alignleft size-full wp-image-89\" src=\"https:\/\/www.fonderie-charollaise.fr\/wp-content\/uploads\/2016\/05\/Adresse.png\" alt=\"Adresse\" width=\"22\" height=\"21\" \/>Fonderie Charollaise<br \/> Benjamin ECHALIER<br \/> La framboise BP5<br \/> 71420 GENELARD<\/li>\n<li><img loading=\"lazy\" decoding=\"async\" class=\"alignleft size-full wp-image-105\" src=\"https:\/\/www.fonderie-charollaise.fr\/wp-content\/uploads\/2016\/05\/Phone.png\" alt=\"Phone\" width=\"22\" height=\"21\" \/>+33 (0) 3 85 79 27 55<\/li>\n<\/ul>\n<p>[\/et_pb_text][\/et_pb_column][\/et_pb_row][\/et_pb_section]<\/p>\n","protected":false},"excerpt":{"rendered":"<p>[et_pb_section fb_built=&#8220;1&#8243; admin_label=&#8220;section&#8220; _builder_version=&#8220;3.0.47&#8243;][et_pb_row admin_label=&#8220;row&#8220; _builder_version=&#8220;3.0.47&#8243; background_size=&#8220;initial&#8220; background_position=&#8220;top_left&#8220; background_repeat=&#8220;repeat&#8220;][et_pb_column type=&#8220;4_4&#8243; _builder_version=&#8220;3.0.47&#8243; parallax=&#8220;off&#8220; parallax_method=&#8220;on&#8220;][et_pb_text _builder_version=&#8220;3.9&#8243; background_size=&#8220;initial&#8220; background_position=&#8220;top_left&#8220; background_repeat=&#8220;repeat&#8220; use_border_color=&#8220;off&#8220;] Firma [\/et_pb_text][\/et_pb_column][\/et_pb_row][et_pb_row _builder_version=&#8220;3.0.48&#8243; background_size=&#8220;initial&#8220; background_position=&#8220;top_left&#8220; background_repeat=&#8220;repeat&#8220;][et_pb_column type=&#8220;3_4&#8243; _builder_version=&#8220;3.0.47&#8243; parallax=&#8220;off&#8220; parallax_method=&#8220;on&#8220;][et_pb_text _builder_version=&#8220;3.9&#8243; background_size=&#8220;initial&#8220; background_position=&#8220;top_left&#8220; background_repeat=&#8220;repeat&#8220; use_border_color=&#8220;off&#8220; border_color=&#8220;#ffffff&#8220; border_style=&#8220;solid&#8220;] Die Gie\u00dferei Charollaise wurde 1984 durch die \u00dcbernahme der Firma Fournier Mouillon gegr\u00fcndet. Das Unternehmen ist an der Sa\u00f4ne und [&hellip;]<\/p>\n","protected":false},"author":1,"featured_media":0,"parent":0,"menu_order":0,"comment_status":"closed","ping_status":"closed","template":"","meta":{"footnotes":""},"class_list":["post-624","page","type-page","status-publish","hentry"],"_links":{"self":[{"href":"https:\/\/www.fonderie-charollaise.fr\/de\/wp-json\/wp\/v2\/pages\/624","targetHints":{"allow":["GET"]}}],"collection":[{"href":"https:\/\/www.fonderie-charollaise.fr\/de\/wp-json\/wp\/v2\/pages"}],"about":[{"href":"https:\/\/www.fonderie-charollaise.fr\/de\/wp-json\/wp\/v2\/types\/page"}],"author":[{"embeddable":true,"href":"https:\/\/www.fonderie-charollaise.fr\/de\/wp-json\/wp\/v2\/users\/1"}],"replies":[{"embeddable":true,"href":"https:\/\/www.fonderie-charollaise.fr\/de\/wp-json\/wp\/v2\/comments?post=624"}],"version-history":[{"count":10,"href":"https:\/\/www.fonderie-charollaise.fr\/de\/wp-json\/wp\/v2\/pages\/624\/revisions"}],"predecessor-version":[{"id":973,"href":"https:\/\/www.fonderie-charollaise.fr\/de\/wp-json\/wp\/v2\/pages\/624\/revisions\/973"}],"wp:attachment":[{"href":"https:\/\/www.fonderie-charollaise.fr\/de\/wp-json\/wp\/v2\/media?parent=624"}],"curies":[{"name":"wp","href":"https:\/\/api.w.org\/{rel}","templated":true}]}}