{"id":622,"date":"2018-11-09T15:24:20","date_gmt":"2018-11-09T14:24:20","guid":{"rendered":"https:\/\/www.fonderie-charollaise.fr\/?page_id=622"},"modified":"2018-11-12T14:50:04","modified_gmt":"2018-11-12T13:50:04","slug":"produktionsanlagen","status":"publish","type":"page","link":"https:\/\/www.fonderie-charollaise.fr\/de\/produktionsanlagen\/","title":{"rendered":"Produktionsanlagen"},"content":{"rendered":"<p>[et_pb_section fb_built=&#8220;1&#8243; admin_label=&#8220;section&#8220; _builder_version=&#8220;3.0.47&#8243;][et_pb_row admin_label=&#8220;row&#8220; _builder_version=&#8220;3.0.47&#8243; background_size=&#8220;initial&#8220; background_position=&#8220;top_left&#8220; background_repeat=&#8220;repeat&#8220;][et_pb_column type=&#8220;4_4&#8243; _builder_version=&#8220;3.0.47&#8243; parallax=&#8220;off&#8220; parallax_method=&#8220;on&#8220;][et_pb_text _builder_version=&#8220;3.9&#8243; background_size=&#8220;initial&#8220; background_position=&#8220;top_left&#8220; background_repeat=&#8220;repeat&#8220; use_border_color=&#8220;off&#8220;]<\/p>\n<h1>Produktionsanlagen<\/h1>\n<p>[\/et_pb_text][\/et_pb_column][\/et_pb_row][et_pb_row _builder_version=&#8220;3.0.47&#8243; background_size=&#8220;initial&#8220; background_position=&#8220;top_left&#8220; background_repeat=&#8220;repeat&#8220;][et_pb_column type=&#8220;3_4&#8243; _builder_version=&#8220;3.0.47&#8243; parallax=&#8220;off&#8220; parallax_method=&#8220;on&#8220;][et_pb_text _builder_version=&#8220;3.9&#8243; background_size=&#8220;initial&#8220; background_position=&#8220;top_left&#8220; background_repeat=&#8220;repeat&#8220; use_border_color=&#8220;off&#8220; border_color=&#8220;#ffffff&#8220; border_style=&#8220;solid&#8220;]Die Produktion erfolgt in erster Linie mit traditionellen Methoden, was eine sehr hohe Flexibilit\u00e4t und ausgezeichnete Qualit\u00e4t garantiert. Wir verwenden daf\u00fcr folgende Ger\u00e4tschaften:<\/p>\n<p><span lang=\"DE\">F\u00fcr den Guss :<\/span><\/p>\n<ul style=\"text-align: justify;\">\n<li>1 automatische IMF Gie\u00dfmaschine mit einer Kapazit\u00e4t von 700 x 700<\/li>\n<li>1 Handgie\u00dfeinheit mit einer maximalen Kapazit\u00e4t von 3.000 x 2.000<\/li>\n<li>1 Handformeinheit<\/li>\n<li>1 IMF F\u00f6rderschneckenmischer mit einer Kapazit\u00e4t von 20 t\/h. Sand selbsth\u00e4rtend<\/li>\n<\/ul>\n<p><span lang=\"DE\">F\u00fcr das Schmelzen :<\/span><\/p>\n<ul style=\"text-align: justify;\">\n<li>1 elektrischer Induktionsofen mit einer Kapazit\u00e4t von 500 kg<\/li>\n<li>1 elektrischer Induktionsofen mit einer Kapazit\u00e4t von 350 kg<\/li>\n<li>1 Rauchgasabsaugsystem auf den Induktions\u00f6fen<\/li>\n<li>3 Laufkr\u00e4ne f\u00fcr die Versorgung der Gie\u00dfeinheiten<\/li>\n<\/ul>\n<p><span lang=\"DE\">F\u00fcr die Fertigstellung :<\/span><\/p>\n<ul style=\"text-align: justify;\">\n<li>1 Ausschlagrinne mit Wirbelschicht<\/li>\n<li>1 Strahlanlage mit Aufzugsleine<\/li>\n<li>8 Endfertigungs- bzw. Entgratungsstellen<\/li>\n<\/ul>\n<p><span lang=\"DE\">F\u00fcr die Hitzebehandlung :<\/span><\/p>\n<ul style=\"text-align: justify;\">\n<li>1 Behandlungsofen mit einer Kapazit\u00e4t von 2.000 x 1.000 x 900<\/li>\n<li>1 Wasserabschreckbad am Auslass des Ofens<\/li>\n<\/ul>\n<p><span lang=\"DE\">F\u00fcr die Kontrolle :<\/span><\/p>\n<ul style=\"text-align: justify;\">\n<li>1 Q4 Tasman BRUKER Spektrometer<\/li>\n<li>1 WOLPERT H\u00e4rtepr\u00fcfer<\/li>\n<li>3 Pr\u00e4zisionswaagen<\/li>\n<li>2 Thermomessger\u00e4te und ein Infrarot-Pyrometer<\/li>\n<li>1 ROMER Messarm mit integriertem 3D-Scanner<\/li>\n<li>\u201eTraditionelle Messger\u00e4te\u201c: Messschieber, Ma\u00dfst\u00e4be, Thermoelemente &#8230;<\/li>\n<li>R\u00e4umlichkeiten von 100 m\u00b2 f\u00fcr den Warenumschlag, ausgestattet mit einer Krananlage und einer Richtplatte<\/li>\n<\/ul>\n<p><span lang=\"DE\">F\u00fcr die Konzeption :<\/span><\/p>\n<ul>\n<li>CAO SolidWorks Software<\/li>\n<\/ul>\n<p>[\/et_pb_text][\/et_pb_column][et_pb_column type=&#8220;1_4&#8243; _builder_version=&#8220;3.0.47&#8243; parallax=&#8220;off&#8220; parallax_method=&#8220;on&#8220;][et_pb_login title=&#8220;Einloggen&#8220; _builder_version=&#8220;3.9&#8243; use_border_color=&#8220;off&#8220; border_color=&#8220;#ffffff&#8220; border_style=&#8220;solid&#8220;][\/et_pb_login][et_pb_text module_class=&#8220;bloc-contact&#8220; _builder_version=&#8220;3.0.87&#8243; background_size=&#8220;initial&#8220; background_position=&#8220;top_left&#8220; background_repeat=&#8220;repeat&#8220; use_border_color=&#8220;off&#8220; border_color=&#8220;#ffffff&#8220; border_style=&#8220;solid&#8220;]<\/p>\n<h4>Kontakt<\/h4>\n<ul>\n<li class=\"home\"><img loading=\"lazy\" decoding=\"async\" class=\"alignleft size-full wp-image-89\" src=\"https:\/\/www.fonderie-charollaise.fr\/wp-content\/uploads\/2016\/05\/Adresse.png\" alt=\"Adresse\" width=\"22\" height=\"21\" \/>Fonderie Charollaise<br \/> Benjamin ECHALIER<br \/> La framboise BP5<br \/> 71420 GENELARD<\/li>\n<li><img loading=\"lazy\" decoding=\"async\" class=\"alignleft size-full wp-image-105\" src=\"https:\/\/www.fonderie-charollaise.fr\/wp-content\/uploads\/2016\/05\/Phone.png\" alt=\"Phone\" width=\"22\" height=\"21\" \/>+33 (0) 3 85 79 27 55<\/li>\n<\/ul>\n<p>[\/et_pb_text][\/et_pb_column][\/et_pb_row][et_pb_row custom_padding=&#8220;40px|40px|40px|40px&#8220; padding_mobile=&#8220;off&#8220; column_padding_mobile=&#8220;on&#8220; parallax_method_1=&#8220;off&#8220; parallax_method_2=&#8220;off&#8220; parallax_method_3=&#8220;off&#8220; _builder_version=&#8220;3.0.47&#8243; background_color=&#8220;#731d10&#8243; background_size=&#8220;initial&#8220; background_position=&#8220;top_left&#8220; background_repeat=&#8220;repeat&#8220;][et_pb_column type=&#8220;1_3&#8243; _builder_version=&#8220;3.0.47&#8243; column_padding_mobile=&#8220;on&#8220; parallax=&#8220;off&#8220; parallax_method=&#8220;off&#8220;][et_pb_text _builder_version=&#8220;3.9&#8243; background_size=&#8220;initial&#8220; background_position=&#8220;top_left&#8220; background_repeat=&#8220;repeat&#8220; background_layout=&#8220;dark&#8220; use_border_color=&#8220;off&#8220; border_color=&#8220;#ffffff&#8220; border_style=&#8220;solid&#8220;]<\/p>\n<h3 style=\"text-align: justify;\">Kontrolle<\/h3>\n<ul>\n<li style=\"text-align: justify;\">Spektrometrische Analyseverfahren<\/li>\n<li style=\"text-align: justify;\">Zerst\u00f6rungsfreie Kontrollen: Eindringpr\u00fcfung, Magnetpulverpr\u00fcfung<\/li>\n<\/ul>\n<p>[\/et_pb_text][\/et_pb_column][et_pb_column type=&#8220;1_3&#8243; _builder_version=&#8220;3.0.47&#8243; column_padding_mobile=&#8220;on&#8220; parallax=&#8220;off&#8220; parallax_method=&#8220;off&#8220;][et_pb_divider show_divider=&#8220;off&#8220; disabled_on=&#8220;on|on|off&#8220; _builder_version=&#8220;3.2&#8243; hide_on_mobile=&#8220;on&#8220;][\/et_pb_divider][et_pb_text _builder_version=&#8220;3.9&#8243; background_size=&#8220;initial&#8220; background_position=&#8220;top_left&#8220; background_repeat=&#8220;repeat&#8220; background_layout=&#8220;dark&#8220; use_border_color=&#8220;off&#8220; border_color=&#8220;#ffffff&#8220; border_style=&#8220;solid&#8220;]<\/p>\n<ul>\n<li>Radiographie und Ultraschall (wird outgesourct)<\/li>\n<li>H\u00e4rtepr\u00fcfung<\/li>\n<li>Mikrographie<\/li>\n<\/ul>\n<p>[\/et_pb_text][\/et_pb_column][et_pb_column type=&#8220;1_3&#8243; _builder_version=&#8220;3.0.47&#8243; column_padding_mobile=&#8220;on&#8220; parallax=&#8220;off&#8220; parallax_method=&#8220;off&#8220;][et_pb_divider show_divider=&#8220;off&#8220; disabled_on=&#8220;on|on|off&#8220; _builder_version=&#8220;3.2&#8243; hide_on_mobile=&#8220;on&#8220;][\/et_pb_divider][et_pb_text _builder_version=&#8220;3.9&#8243; background_size=&#8220;initial&#8220; background_position=&#8220;top_left&#8220; background_repeat=&#8220;repeat&#8220; background_layout=&#8220;dark&#8220; use_border_color=&#8220;off&#8220; border_color=&#8220;#ffffff&#8220; border_style=&#8220;solid&#8220;]<\/p>\n<ul>\n<li>Druckpr\u00fcfung<\/li>\n<li>Herk\u00f6mmliche sowie 3D-Abmessungen<\/li>\n<li>Zugversuche (wird outgesourct)<\/li>\n<\/ul>\n<p>[\/et_pb_text][\/et_pb_column][\/et_pb_row][et_pb_row _builder_version=&#8220;3.0.47&#8243; background_size=&#8220;initial&#8220; background_position=&#8220;top_left&#8220; background_repeat=&#8220;repeat&#8220;][et_pb_column type=&#8220;3_4&#8243; _builder_version=&#8220;3.0.47&#8243; parallax=&#8220;off&#8220; parallax_method=&#8220;on&#8220;][et_pb_text _builder_version=&#8220;3.0.87&#8243; background_size=&#8220;initial&#8220; background_position=&#8220;top_left&#8220; background_repeat=&#8220;repeat&#8220; use_border_color=&#8220;off&#8220; border_color=&#8220;#ffffff&#8220; border_style=&#8220;solid&#8220; saved_tabs=&#8220;all&#8220;]<div class=\"printfriendly pf-button  pf-alignleft\">\n                    <a href=\"https:\/\/www.fonderie-charollaise.fr\/de\/produktionsanlagen\/?pfstyle=wp\" rel=\"nofollow\" onclick=\"\" title=\"Printer Friendly, PDF & Email\">\n                    <img decoding=\"async\" class=\"pf-button-img\" src=\"https:\/\/cdn.printfriendly.com\/buttons\/printfriendly-pdf-button-nobg-md.png\" alt=\"Print Friendly, PDF & Email\" style=\"width: 124px;height: 30px;\"  \/>\n                    <\/a>\n                <\/div><br \/>\n[\/et_pb_text][\/et_pb_column][et_pb_column type=&#8220;1_4&#8243; _builder_version=&#8220;3.0.47&#8243; parallax=&#8220;off&#8220; parallax_method=&#8220;on&#8220;][\/et_pb_column][\/et_pb_row][\/et_pb_section]<\/p>\n","protected":false},"excerpt":{"rendered":"<p>[et_pb_section fb_built=&#8220;1&#8243; admin_label=&#8220;section&#8220; _builder_version=&#8220;3.0.47&#8243;][et_pb_row admin_label=&#8220;row&#8220; _builder_version=&#8220;3.0.47&#8243; background_size=&#8220;initial&#8220; background_position=&#8220;top_left&#8220; background_repeat=&#8220;repeat&#8220;][et_pb_column type=&#8220;4_4&#8243; _builder_version=&#8220;3.0.47&#8243; parallax=&#8220;off&#8220; parallax_method=&#8220;on&#8220;][et_pb_text _builder_version=&#8220;3.9&#8243; background_size=&#8220;initial&#8220; background_position=&#8220;top_left&#8220; background_repeat=&#8220;repeat&#8220; use_border_color=&#8220;off&#8220;] Produktionsanlagen [\/et_pb_text][\/et_pb_column][\/et_pb_row][et_pb_row _builder_version=&#8220;3.0.47&#8243; background_size=&#8220;initial&#8220; background_position=&#8220;top_left&#8220; background_repeat=&#8220;repeat&#8220;][et_pb_column type=&#8220;3_4&#8243; _builder_version=&#8220;3.0.47&#8243; parallax=&#8220;off&#8220; parallax_method=&#8220;on&#8220;][et_pb_text _builder_version=&#8220;3.9&#8243; background_size=&#8220;initial&#8220; background_position=&#8220;top_left&#8220; background_repeat=&#8220;repeat&#8220; use_border_color=&#8220;off&#8220; border_color=&#8220;#ffffff&#8220; border_style=&#8220;solid&#8220;]Die Produktion erfolgt in erster Linie mit traditionellen Methoden, was eine sehr hohe Flexibilit\u00e4t und ausgezeichnete Qualit\u00e4t garantiert. Wir verwenden daf\u00fcr [&hellip;]<\/p>\n","protected":false},"author":1,"featured_media":0,"parent":0,"menu_order":0,"comment_status":"closed","ping_status":"closed","template":"","meta":{"footnotes":""},"class_list":["post-622","page","type-page","status-publish","hentry"],"_links":{"self":[{"href":"https:\/\/www.fonderie-charollaise.fr\/de\/wp-json\/wp\/v2\/pages\/622","targetHints":{"allow":["GET"]}}],"collection":[{"href":"https:\/\/www.fonderie-charollaise.fr\/de\/wp-json\/wp\/v2\/pages"}],"about":[{"href":"https:\/\/www.fonderie-charollaise.fr\/de\/wp-json\/wp\/v2\/types\/page"}],"author":[{"embeddable":true,"href":"https:\/\/www.fonderie-charollaise.fr\/de\/wp-json\/wp\/v2\/users\/1"}],"replies":[{"embeddable":true,"href":"https:\/\/www.fonderie-charollaise.fr\/de\/wp-json\/wp\/v2\/comments?post=622"}],"version-history":[{"count":4,"href":"https:\/\/www.fonderie-charollaise.fr\/de\/wp-json\/wp\/v2\/pages\/622\/revisions"}],"predecessor-version":[{"id":922,"href":"https:\/\/www.fonderie-charollaise.fr\/de\/wp-json\/wp\/v2\/pages\/622\/revisions\/922"}],"wp:attachment":[{"href":"https:\/\/www.fonderie-charollaise.fr\/de\/wp-json\/wp\/v2\/media?parent=622"}],"curies":[{"name":"wp","href":"https:\/\/api.w.org\/{rel}","templated":true}]}}