{"id":609,"date":"2018-11-09T15:19:55","date_gmt":"2018-11-09T14:19:55","guid":{"rendered":"https:\/\/www.fonderie-charollaise.fr\/?page_id=609"},"modified":"2018-11-14T09:57:23","modified_gmt":"2018-11-14T08:57:23","slug":"zementwerk","status":"publish","type":"page","link":"https:\/\/www.fonderie-charollaise.fr\/de\/unsere-maerkte\/zementwerk\/","title":{"rendered":"Zementwerk"},"content":{"rendered":"<p>[et_pb_section bb_built=&#8220;1&#8243; admin_label=&#8220;section&#8220; _builder_version=&#8220;3.0.47&#8243;][et_pb_row admin_label=&#8220;row&#8220; _builder_version=&#8220;3.0.47&#8243; background_size=&#8220;initial&#8220; background_position=&#8220;top_left&#8220; background_repeat=&#8220;repeat&#8220;][et_pb_column type=&#8220;4_4&#8243;][et_pb_text _builder_version=&#8220;3.9&#8243; background_size=&#8220;initial&#8220; background_position=&#8220;top_left&#8220; background_repeat=&#8220;repeat&#8220; use_border_color=&#8220;off&#8220;]<\/p>\n<h1>Zementwerk<\/h1>\n<p>[\/et_pb_text][\/et_pb_column][\/et_pb_row][et_pb_row _builder_version=&#8220;3.0.48&#8243; background_size=&#8220;initial&#8220; background_position=&#8220;top_left&#8220; background_repeat=&#8220;repeat&#8220;][et_pb_column type=&#8220;1_4&#8243;][et_pb_sidebar area=&#8220;et_pb_widget_area_1&#8243; module_class=&#8220;menu-vertical&#8220; _builder_version=&#8220;3.0.74&#8243; remove_border=&#8220;off&#8220; \/][et_pb_login title=&#8220;Einloggen&#8220; _builder_version=&#8220;3.9&#8243; use_border_color=&#8220;off&#8220; border_color=&#8220;#ffffff&#8220; border_style=&#8220;solid&#8220; \/][\/et_pb_column][et_pb_column type=&#8220;3_4&#8243;][et_pb_text _builder_version=&#8220;3.9&#8243; background_size=&#8220;initial&#8220; background_position=&#8220;top_left&#8220; background_repeat=&#8220;repeat&#8220; use_border_color=&#8220;off&#8220;]<\/p>\n<p>Die Gie\u00dferei Charollaise fertigt industrielle Verschlei\u00dfteile f\u00fcr Brecher, Zerkleinerungsanlagen, Brenn\u00f6fen und K\u00fchlanlagen an.<\/p>\n<p>[\/et_pb_text][et_pb_gallery gallery_ids=&#8220;268,266,265,255&#8243; posts_number=&#8220;6&#8243; show_title_and_caption=&#8220;off&#8220; _builder_version=&#8220;3.0.87&#8243; use_border_color=&#8220;off&#8220; border_color=&#8220;#ffffff&#8220; border_style=&#8220;solid&#8220; \/][et_pb_text _builder_version=&#8220;3.0.87&#8243; background_size=&#8220;initial&#8220; background_position=&#8220;top_left&#8220; background_repeat=&#8220;repeat&#8220; use_border_color=&#8220;off&#8220; border_color=&#8220;#ffffff&#8220; border_style=&#8220;solid&#8220; global_module=&#8220;194&#8243; saved_tabs=&#8220;all&#8220;]<\/p>\n<div class=\"printfriendly pf-button  pf-alignleft\">\n                    <a href=\"https:\/\/www.fonderie-charollaise.fr\/de\/unsere-maerkte\/zementwerk\/?pfstyle=wp\" rel=\"nofollow\" onclick=\"\" title=\"Printer Friendly, PDF & Email\">\n                    <img decoding=\"async\" class=\"pf-button-img\" src=\"https:\/\/cdn.printfriendly.com\/buttons\/printfriendly-pdf-button-nobg-md.png\" alt=\"Print Friendly, PDF & Email\" style=\"width: 124px;height: 30px;\"  \/>\n                    <\/a>\n                <\/div>\n<p>[\/et_pb_text][\/et_pb_column][\/et_pb_row][\/et_pb_section]<\/p>\n","protected":false},"excerpt":{"rendered":"<p>[et_pb_section bb_built=&#8220;1&#8243; admin_label=&#8220;section&#8220; _builder_version=&#8220;3.0.47&#8243;][et_pb_row admin_label=&#8220;row&#8220; _builder_version=&#8220;3.0.47&#8243; background_size=&#8220;initial&#8220; background_position=&#8220;top_left&#8220; background_repeat=&#8220;repeat&#8220;][et_pb_column type=&#8220;4_4&#8243;][et_pb_text _builder_version=&#8220;3.9&#8243; background_size=&#8220;initial&#8220; background_position=&#8220;top_left&#8220; background_repeat=&#8220;repeat&#8220; use_border_color=&#8220;off&#8220;] Zementwerk [\/et_pb_text][\/et_pb_column][\/et_pb_row][et_pb_row _builder_version=&#8220;3.0.48&#8243; background_size=&#8220;initial&#8220; background_position=&#8220;top_left&#8220; background_repeat=&#8220;repeat&#8220;][et_pb_column type=&#8220;1_4&#8243;][et_pb_sidebar area=&#8220;et_pb_widget_area_1&#8243; module_class=&#8220;menu-vertical&#8220; _builder_version=&#8220;3.0.74&#8243; remove_border=&#8220;off&#8220; \/][et_pb_login title=&#8220;Einloggen&#8220; _builder_version=&#8220;3.9&#8243; use_border_color=&#8220;off&#8220; border_color=&#8220;#ffffff&#8220; border_style=&#8220;solid&#8220; \/][\/et_pb_column][et_pb_column type=&#8220;3_4&#8243;][et_pb_text _builder_version=&#8220;3.9&#8243; background_size=&#8220;initial&#8220; background_position=&#8220;top_left&#8220; background_repeat=&#8220;repeat&#8220; use_border_color=&#8220;off&#8220;] Die Gie\u00dferei Charollaise fertigt industrielle Verschlei\u00dfteile f\u00fcr Brecher, Zerkleinerungsanlagen, Brenn\u00f6fen und K\u00fchlanlagen an. [\/et_pb_text][et_pb_gallery gallery_ids=&#8220;268,266,265,255&#8243; posts_number=&#8220;6&#8243; [&hellip;]<\/p>\n","protected":false},"author":1,"featured_media":0,"parent":594,"menu_order":0,"comment_status":"closed","ping_status":"closed","template":"","meta":{"footnotes":""},"class_list":["post-609","page","type-page","status-publish","hentry"],"_links":{"self":[{"href":"https:\/\/www.fonderie-charollaise.fr\/de\/wp-json\/wp\/v2\/pages\/609","targetHints":{"allow":["GET"]}}],"collection":[{"href":"https:\/\/www.fonderie-charollaise.fr\/de\/wp-json\/wp\/v2\/pages"}],"about":[{"href":"https:\/\/www.fonderie-charollaise.fr\/de\/wp-json\/wp\/v2\/types\/page"}],"author":[{"embeddable":true,"href":"https:\/\/www.fonderie-charollaise.fr\/de\/wp-json\/wp\/v2\/users\/1"}],"replies":[{"embeddable":true,"href":"https:\/\/www.fonderie-charollaise.fr\/de\/wp-json\/wp\/v2\/comments?post=609"}],"version-history":[{"count":6,"href":"https:\/\/www.fonderie-charollaise.fr\/de\/wp-json\/wp\/v2\/pages\/609\/revisions"}],"predecessor-version":[{"id":977,"href":"https:\/\/www.fonderie-charollaise.fr\/de\/wp-json\/wp\/v2\/pages\/609\/revisions\/977"}],"up":[{"embeddable":true,"href":"https:\/\/www.fonderie-charollaise.fr\/de\/wp-json\/wp\/v2\/pages\/594"}],"wp:attachment":[{"href":"https:\/\/www.fonderie-charollaise.fr\/de\/wp-json\/wp\/v2\/media?parent=609"}],"curies":[{"name":"wp","href":"https:\/\/api.w.org\/{rel}","templated":true}]}}