{"id":593,"date":"2018-11-09T15:18:47","date_gmt":"2018-11-09T14:18:47","guid":{"rendered":"https:\/\/www.fonderie-charollaise.fr\/?page_id=593"},"modified":"2018-11-27T11:24:59","modified_gmt":"2018-11-27T10:24:59","slug":"willkommen","status":"publish","type":"page","link":"https:\/\/www.fonderie-charollaise.fr\/de\/","title":{"rendered":"Willkommen"},"content":{"rendered":"<p>[et_pb_section bb_built=&#8220;1&#8243; fullwidth=&#8220;on&#8220; _builder_version=&#8220;3.0.47&#8243; next_background_color=&#8220;#000000&#8243;][et_pb_fullwidth_slider module_class=&#8220;slider&#8220; _builder_version=&#8220;3.9&#8243; header_font_size=&#8220;40&#8243; header_font_size_tablet=&#8220;26&#8243; header_font_size_phone=&#8220;21&#8243; header_font_size_last_edited=&#8220;on|tablet&#8220; background_position=&#8220;top_left&#8220; remove_inner_shadow=&#8220;off&#8220; hide_content_on_mobile=&#8220;off&#8220; hide_cta_on_mobile=&#8220;off&#8220;][et_pb_slide heading=&#8220;Gusseisen- und Stahlgie\u00dferei&#8220; use_bg_overlay=&#8220;off&#8220; use_text_overlay=&#8220;off&#8220; _builder_version=&#8220;3.9&#8243; header_font=&#8220;||||&#8220; header_font_size_tablet=&#8220;43&#8243; header_font_size_phone=&#8220;43&#8243; body_font=&#8220;||||&#8220; background_color=&#8220;#ffffff&#8220; background_image=&#8220;https:\/\/www.fonderie-charollaise.fr\/wp-content\/uploads\/2016\/05\/pub1.jpg&#8220; background_position=&#8220;top_left&#8220; button_on_hover=&#8220;on&#8220;][\/et_pb_slide][\/et_pb_fullwidth_slider][\/et_pb_section][et_pb_section bb_built=&#8220;1&#8243; admin_label=&#8220;section&#8220; _builder_version=&#8220;3.0.47&#8243; prev_background_color=&#8220;#000000&#8243; next_background_color=&#8220;#ddcdb8&#8243;][et_pb_row admin_label=&#8220;row&#8220; padding_mobile=&#8220;off&#8220; column_padding_mobile=&#8220;on&#8220; parallax_method_1=&#8220;off&#8220; parallax_method_2=&#8220;off&#8220; parallax_method_3=&#8220;off&#8220; module_class=&#8220;nos-marches&#8220; _builder_version=&#8220;3.0.48&#8243; background_size=&#8220;initial&#8220; background_position=&#8220;top_left&#8220; background_repeat=&#8220;repeat&#8220;][et_pb_column type=&#8220;1_3&#8243;][et_pb_text _builder_version=&#8220;3.9&#8243; background_size=&#8220;initial&#8220; background_position=&#8220;top_left&#8220; background_repeat=&#8220;repeat&#8220; text_orientation=&#8220;center&#8220; module_alignment=&#8220;center&#8220; use_border_color=&#8220;off&#8220; border_color=&#8220;#ffffff&#8220; border_style=&#8220;solid&#8220;]<\/p>\n<h4><a href=\"https:\/\/www.fonderie-charollaise.fr\/de\/unsere-maerkte\/eisenbahnsektor\/\">Eisenbahnsektor<\/a><\/h4>\n<p>[\/et_pb_text][et_pb_blurb url=&#8220;https:\/\/www.fonderie-charollaise.fr\/de\/unsere-maerkte\/eisenbahnsektor\/&#8220; image=&#8220;https:\/\/www.fonderie-charollaise.fr\/wp-content\/uploads\/2016\/10\/corps-de-boite-e1476884514915.jpg&#8220; alt=&#8220;Constructions m\u00e9caniques&#8220; _builder_version=&#8220;3.9&#8243; background_size=&#8220;initial&#8220; background_position=&#8220;top_left&#8220; background_repeat=&#8220;repeat&#8220; text_orientation=&#8220;center&#8220; use_border_color=&#8220;off&#8220; border_color=&#8220;#ffffff&#8220; border_style=&#8220;solid&#8220; \/][et_pb_text _builder_version=&#8220;3.9&#8243; background_size=&#8220;initial&#8220; background_position=&#8220;top_left&#8220; background_repeat=&#8220;repeat&#8220; text_orientation=&#8220;center&#8220; module_alignment=&#8220;center&#8220; use_border_color=&#8220;off&#8220; border_color=&#8220;#ffffff&#8220; border_style=&#8220;solid&#8220;]<\/p>\n<h4><a href=\"https:\/\/www.fonderie-charollaise.fr\/de\/unsere-maerkte\/stahlindustrie\/\">Stahlindustrie<\/a><\/h4>\n<p>[\/et_pb_text][et_pb_blurb url=&#8220;https:\/\/www.fonderie-charollaise.fr\/de\/unsere-maerkte\/stahlindustrie\/&#8220; image=&#8220;https:\/\/www.fonderie-charollaise.fr\/wp-content\/uploads\/2016\/10\/GALET-PORTEUR-FONTE-FGS-600-7.jpg&#8220; alt=&#8220;Transport&#8220; _builder_version=&#8220;3.9&#8243; background_size=&#8220;initial&#8220; background_position=&#8220;top_left&#8220; background_repeat=&#8220;repeat&#8220; text_orientation=&#8220;center&#8220; use_border_color=&#8220;off&#8220; border_color=&#8220;#ffffff&#8220; border_style=&#8220;solid&#8220; \/][\/et_pb_column][et_pb_column type=&#8220;1_3&#8243;][et_pb_text _builder_version=&#8220;3.9&#8243; background_size=&#8220;initial&#8220; background_position=&#8220;top_left&#8220; background_repeat=&#8220;repeat&#8220; text_orientation=&#8220;center&#8220; module_alignment=&#8220;center&#8220; use_border_color=&#8220;off&#8220; border_color=&#8220;#ffffff&#8220; border_style=&#8220;solid&#8220;]<\/p>\n<h4><a href=\"https:\/\/www.fonderie-charollaise.fr\/de\/unsere-maerkte\/energie\/\">Energie<\/a><\/h4>\n<p>[\/et_pb_text][et_pb_blurb url=&#8220;https:\/\/www.fonderie-charollaise.fr\/de\/unsere-maerkte\/energie\/&#8220; image=&#8220;https:\/\/www.fonderie-charollaise.fr\/wp-content\/uploads\/2016\/05\/Energies-fossiles-et-renouvelables.jpg&#8220; alt=&#8220;Energies fossiles &#038; renouvelables&#8220; _builder_version=&#8220;3.9&#8243; background_size=&#8220;initial&#8220; background_position=&#8220;top_left&#8220; background_repeat=&#8220;repeat&#8220; text_orientation=&#8220;center&#8220; use_border_color=&#8220;off&#8220; border_color=&#8220;#ffffff&#8220; border_style=&#8220;solid&#8220; \/][et_pb_text _builder_version=&#8220;3.9&#8243; background_size=&#8220;initial&#8220; background_position=&#8220;top_left&#8220; background_repeat=&#8220;repeat&#8220; text_orientation=&#8220;center&#8220; module_alignment=&#8220;center&#8220; use_border_color=&#8220;off&#8220; border_color=&#8220;#ffffff&#8220; border_style=&#8220;solid&#8220;]<\/p>\n<h4><a href=\"https:\/\/www.fonderie-charollaise.fr\/de\/unsere-maerkte\/zementwerk\/\">Zementwerk<\/a><\/h4>\n<p>[\/et_pb_text][et_pb_blurb url=&#8220;https:\/\/www.fonderie-charollaise.fr\/de\/unsere-maerkte\/zementwerk\/&#8220; image=&#8220;https:\/\/www.fonderie-charollaise.fr\/wp-content\/uploads\/2016\/10\/PLAQUE-AIR-QUENCHING-ACIER-REFRACTAIRE-Z-50-CNMNb-16-10-4-1.jpg&#8220; alt=&#8220;Transport des fluides&#8220; _builder_version=&#8220;3.9&#8243; background_size=&#8220;initial&#8220; background_position=&#8220;top_left&#8220; background_repeat=&#8220;repeat&#8220; text_orientation=&#8220;center&#8220; use_border_color=&#8220;off&#8220; border_color=&#8220;#ffffff&#8220; border_style=&#8220;solid&#8220; \/][\/et_pb_column][et_pb_column type=&#8220;1_3&#8243;][et_pb_text _builder_version=&#8220;3.9&#8243; background_size=&#8220;initial&#8220; background_position=&#8220;top_left&#8220; background_repeat=&#8220;repeat&#8220; text_orientation=&#8220;center&#8220; module_alignment=&#8220;center&#8220; use_border_color=&#8220;off&#8220; border_color=&#8220;#ffffff&#8220; border_style=&#8220;solid&#8220;]<\/p>\n<h4><a href=\"https:\/\/www.fonderie-charollaise.fr\/de\/unsere-maerkte\/petrochemie\/\">Petrochemie<\/a><\/h4>\n<p>[\/et_pb_text][et_pb_blurb url=&#8220;https:\/\/www.fonderie-charollaise.fr\/de\/unsere-maerkte\/petrochemie\/&#8220; image=&#8220;https:\/\/www.fonderie-charollaise.fr\/wp-content\/uploads\/2016\/05\/Industries-lourdes.jpg&#8220; alt=&#8220;Industries lourdes&#8220; _builder_version=&#8220;3.9&#8243; background_size=&#8220;initial&#8220; background_position=&#8220;top_left&#8220; background_repeat=&#8220;repeat&#8220; text_orientation=&#8220;center&#8220; use_border_color=&#8220;off&#8220; border_color=&#8220;#ffffff&#8220; border_style=&#8220;solid&#8220; \/][et_pb_text _builder_version=&#8220;3.9&#8243; background_size=&#8220;initial&#8220; background_position=&#8220;top_left&#8220; background_repeat=&#8220;repeat&#8220; text_orientation=&#8220;center&#8220; module_alignment=&#8220;center&#8220; use_border_color=&#8220;off&#8220; border_color=&#8220;#ffffff&#8220; border_style=&#8220;solid&#8220;]<\/p>\n<h4><a href=\"https:\/\/www.fonderie-charollaise.fr\/de\/unsere-maerkte\/oeffentliche-arbeiten\/\">\u00d6ffentliche Arbeiten<\/a><\/h4>\n<p>[\/et_pb_text][et_pb_blurb url=&#8220;https:\/\/www.fonderie-charollaise.fr\/de\/unsere-maerkte\/oeffentliche-arbeiten\/&#8220; image=&#8220;https:\/\/www.fonderie-charollaise.fr\/wp-content\/uploads\/2016\/05\/Travaux-Publics.jpg&#8220; alt=&#8220;Travaux plublics&#8220; _builder_version=&#8220;3.9&#8243; background_size=&#8220;initial&#8220; background_position=&#8220;top_left&#8220; background_repeat=&#8220;repeat&#8220; text_orientation=&#8220;center&#8220; use_border_color=&#8220;off&#8220; border_color=&#8220;#ffffff&#8220; border_style=&#8220;solid&#8220; \/][\/et_pb_column][\/et_pb_row][\/et_pb_section][et_pb_section bb_built=&#8220;1&#8243; custom_padding_last_edited=&#8220;on|desktop&#8220; _builder_version=&#8220;3.0.74&#8243; background_color=&#8220;#ddcdb8&#8243; custom_padding_tablet=&#8220;50px|0|50px|0&#8243; transparent_background=&#8220;off&#8220; padding_mobile=&#8220;off&#8220; prev_background_color=&#8220;#ffffff&#8220; next_background_color=&#8220;#ffffff&#8220;][et_pb_row _builder_version=&#8220;3.0.48&#8243; background_size=&#8220;initial&#8220; background_position=&#8220;top_left&#8220; background_repeat=&#8220;repeat&#8220;][et_pb_column type=&#8220;1_3&#8243;][et_pb_image src=&#8220;https:\/\/www.fonderie-charollaise.fr\/wp-content\/uploads\/2016\/05\/societe-e1462867111682.jpg&#8220; alt=&#8220;La soci\u00e9t\u00e9&#8220; title_text=&#8220;La soci\u00e9t\u00e9&#8220; _builder_version=&#8220;3.0.87&#8243; use_border_color=&#8220;off&#8220; border_color=&#8220;#ffffff&#8220; border_style=&#8220;solid&#8220; animation=&#8220;off&#8220; sticky=&#8220;off&#8220; \/][\/et_pb_column][et_pb_column type=&#8220;2_3&#8243;][et_pb_cta title=&#8220;Firma&#8220; button_url=&#8220;https:\/\/www.fonderie-charollaise.fr\/de\/firma\/&#8220; button_text=&#8220;Mehr erfahren &#8220; module_class=&#8220;societe&#8220; _builder_version=&#8220;3.9&#8243; use_background_color=&#8220;off&#8220; background_size=&#8220;initial&#8220; background_position=&#8220;top_left&#8220; background_repeat=&#8220;repeat&#8220; text_orientation=&#8220;left&#8220; background_layout=&#8220;light&#8220; use_border_color=&#8220;off&#8220; border_color=&#8220;#ffffff&#8220; border_style=&#8220;solid&#8220;]<\/p>\n<p style=\"text-align: justify;\">Die Gie\u00dferei Charollaise wurde 1984 durch die \u00dcbernahme der Firma Fournier Mouillon gegr\u00fcndet. Das Unternehmen ist an der Sa\u00f4ne und an der Loire im Burgund ans\u00e4ssig \u2013 die Schnittstelle der wichtigsten europ\u00e4ischen Transitstrecken (140 km nordwestlich von Lyon und 120 km s\u00fcd\u00f6stlich von Dijon).<\/p>\n<p style=\"text-align: justify;\">Die Gie\u00dferei Charollaise ist heute eine Eisenmetallsandgie\u00dferei, die alle Fertigungsstufen vom Design \u00fcber das Reverse Engineering bis hin zur Produktveredelung beherrscht.<\/p>\n<p>[\/et_pb_cta][\/et_pb_column][\/et_pb_row][\/et_pb_section][et_pb_section bb_built=&#8220;1&#8243; _builder_version=&#8220;3.0.47&#8243; prev_background_color=&#8220;#ddcdb8&#8243; next_background_color=&#8220;rgba(198,190,190,0.3)&#8220;][et_pb_row padding_mobile=&#8220;off&#8220; column_padding_mobile=&#8220;on&#8220; parallax_method_1=&#8220;off&#8220; parallax_method_2=&#8220;off&#8220; parallax_method_3=&#8220;off&#8220; module_class=&#8220;logos&#8220; _builder_version=&#8220;3.0.48&#8243; background_size=&#8220;initial&#8220; background_position=&#8220;top_left&#8220; background_repeat=&#8220;repeat&#8220;][et_pb_column type=&#8220;1_3&#8243;][et_pb_text _builder_version=&#8220;3.9&#8243; background_size=&#8220;initial&#8220; background_position=&#8220;top_left&#8220; background_repeat=&#8220;repeat&#8220; text_orientation=&#8220;center&#8220; module_alignment=&#8220;center&#8220; use_border_color=&#8220;off&#8220; border_color=&#8220;#ffffff&#8220; border_style=&#8220;solid&#8220;]<\/p>\n<h4>Gusseisen- und Stahlgie\u00dferei<\/h4>\n<p>[\/et_pb_text][et_pb_image src=&#8220;https:\/\/www.fonderie-charollaise.fr\/wp-content\/uploads\/2016\/05\/logo-fonderie-mathieu.jpg&#8220; alt=&#8220;Fonderie Mathieu&#8220; title_text=&#8220;Fonderie Mathieu&#8220; align=&#8220;center&#8220; _builder_version=&#8220;3.9&#8243; border_width_all=&#8220;2px&#8220; border_color_all=&#8220;#d5d6d7&#8243; animation_style=&#8220;slide&#8220; animation_direction=&#8220;left&#8220; animation_duration=&#8220;500ms&#8220; animation_intensity_slide=&#8220;10%&#8220; use_border_color=&#8220;on&#8220; border_color=&#8220;#d5d6d7&#8243; border_width=&#8220;2px&#8220; border_style=&#8220;solid&#8220; animation=&#8220;left&#8220; sticky=&#8220;off&#8220; \/][\/et_pb_column][et_pb_column type=&#8220;1_3&#8243;][et_pb_text _builder_version=&#8220;3.9&#8243; background_size=&#8220;initial&#8220; background_position=&#8220;top_left&#8220; background_repeat=&#8220;repeat&#8220; text_orientation=&#8220;center&#8220; module_alignment=&#8220;center&#8220; use_border_color=&#8220;off&#8220; border_color=&#8220;#ffffff&#8220; border_style=&#8220;solid&#8220;]<\/p>\n<h4>Eisenmetallgie\u00dferei<\/h4>\n<p>[\/et_pb_text][et_pb_image src=&#8220;https:\/\/www.fonderie-charollaise.fr\/wp-content\/uploads\/2016\/05\/logo-fonderie-charolaise.jpg&#8220; alt=&#8220;Fonderie Charolaise&#8220; title_text=&#8220;Fonderie Charolaise&#8220; align=&#8220;center&#8220; _builder_version=&#8220;3.0.87&#8243; border_width_all=&#8220;2px&#8220; border_color_all=&#8220;#d5d6d7&#8243; border_style_all=&#8220;solid&#8220; animation_style=&#8220;slide&#8220; animation_direction=&#8220;left&#8220; animation_duration=&#8220;500ms&#8220; animation_intensity_slide=&#8220;10%&#8220; use_border_color=&#8220;on&#8220; border_color=&#8220;#d5d6d7&#8243; border_width=&#8220;2px&#8220; border_style=&#8220;solid&#8220; animation=&#8220;left&#8220; sticky=&#8220;off&#8220; \/][\/et_pb_column][et_pb_column type=&#8220;1_3&#8243;][et_pb_text _builder_version=&#8220;3.9&#8243; background_size=&#8220;initial&#8220; background_position=&#8220;top_left&#8220; background_repeat=&#8220;repeat&#8220; text_orientation=&#8220;center&#8220; module_alignment=&#8220;center&#8220; use_border_color=&#8220;off&#8220; border_color=&#8220;#ffffff&#8220; border_style=&#8220;solid&#8220;]<\/p>\n<h4>Feinmechanik<\/h4>\n<p>[\/et_pb_text][et_pb_image src=&#8220;https:\/\/www.fonderie-charollaise.fr\/wp-content\/uploads\/2016\/05\/logo-mecanique-de-precision.jpg&#8220; alt=&#8220;M\u00e9canique de pr\u00e9cision&#8220; title_text=&#8220;M\u00e9canique de pr\u00e9cision&#8220; align=&#8220;center&#8220; _builder_version=&#8220;3.0.87&#8243; border_width_all=&#8220;2px&#8220; border_color_all=&#8220;#d5d6d7&#8243; border_style_all=&#8220;solid&#8220; animation_style=&#8220;slide&#8220; animation_direction=&#8220;left&#8220; animation_duration=&#8220;500ms&#8220; animation_intensity_slide=&#8220;10%&#8220; use_border_color=&#8220;on&#8220; border_color=&#8220;#d5d6d7&#8243; border_width=&#8220;2px&#8220; border_style=&#8220;solid&#8220; animation=&#8220;left&#8220; sticky=&#8220;off&#8220; \/][\/et_pb_column][\/et_pb_row][\/et_pb_section][et_pb_section bb_built=&#8220;1&#8243; custom_padding_last_edited=&#8220;on|desktop&#8220; _builder_version=&#8220;3.0.74&#8243; background_color=&#8220;rgba(198,190,190,0.3)&#8220; custom_padding_tablet=&#8220;50px|0|50px|0&#8243; transparent_background=&#8220;off&#8220; padding_mobile=&#8220;off&#8220; prev_background_color=&#8220;#ffffff&#8220;][et_pb_row padding_mobile=&#8220;off&#8220; column_padding_mobile=&#8220;on&#8220; parallax_method_1=&#8220;off&#8220; module_class=&#8220;derniers-articles&#8220; _builder_version=&#8220;3.0.48&#8243; background_size=&#8220;initial&#8220; background_position=&#8220;top_left&#8220; background_repeat=&#8220;repeat&#8220;][et_pb_column type=&#8220;4_4&#8243;][et_pb_text _builder_version=&#8220;3.9&#8243; background_size=&#8220;initial&#8220; background_position=&#8220;top_left&#8220; background_repeat=&#8220;repeat&#8220; text_orientation=&#8220;center&#8220; module_alignment=&#8220;center&#8220; use_border_color=&#8220;off&#8220; border_color=&#8220;#ffffff&#8220; border_style=&#8220;solid&#8220;]<\/p>\n<h1>Neuste Posts<\/h1>\n<p>[\/et_pb_text][et_pb_blog fullwidth=&#8220;off&#8220; posts_number=&#8220;3&#8243; meta_date=&#8220;j M, Y&#8220; show_more=&#8220;on&#8220; show_author=&#8220;off&#8220; show_categories=&#8220;off&#8220; show_pagination=&#8220;off&#8220; _builder_version=&#8220;3.0.94&#8243; use_border_color=&#8220;off&#8220; border_color=&#8220;#ffffff&#8220; border_style=&#8220;solid&#8220; use_dropshadow=&#8220;off&#8220; \/][\/et_pb_column][\/et_pb_row][\/et_pb_section]<\/p>\n","protected":false},"excerpt":{"rendered":"<p>[et_pb_section bb_built=&#8220;1&#8243; fullwidth=&#8220;on&#8220; _builder_version=&#8220;3.0.47&#8243; next_background_color=&#8220;#000000&#8243;][et_pb_fullwidth_slider module_class=&#8220;slider&#8220; _builder_version=&#8220;3.9&#8243; header_font_size=&#8220;40&#8243; header_font_size_tablet=&#8220;26&#8243; header_font_size_phone=&#8220;21&#8243; header_font_size_last_edited=&#8220;on|tablet&#8220; background_position=&#8220;top_left&#8220; remove_inner_shadow=&#8220;off&#8220; hide_content_on_mobile=&#8220;off&#8220; hide_cta_on_mobile=&#8220;off&#8220;][et_pb_slide heading=&#8220;Gusseisen- und Stahlgie\u00dferei&#8220; use_bg_overlay=&#8220;off&#8220; use_text_overlay=&#8220;off&#8220; _builder_version=&#8220;3.9&#8243; header_font=&#8220;||||&#8220; header_font_size_tablet=&#8220;43&#8243; header_font_size_phone=&#8220;43&#8243; body_font=&#8220;||||&#8220; background_color=&#8220;#ffffff&#8220; background_image=&#8220;https:\/\/www.fonderie-charollaise.fr\/wp-content\/uploads\/2016\/05\/pub1.jpg&#8220; background_position=&#8220;top_left&#8220; button_on_hover=&#8220;on&#8220;][\/et_pb_slide][\/et_pb_fullwidth_slider][\/et_pb_section][et_pb_section bb_built=&#8220;1&#8243; admin_label=&#8220;section&#8220; _builder_version=&#8220;3.0.47&#8243; prev_background_color=&#8220;#000000&#8243; next_background_color=&#8220;#ddcdb8&#8243;][et_pb_row admin_label=&#8220;row&#8220; padding_mobile=&#8220;off&#8220; column_padding_mobile=&#8220;on&#8220; parallax_method_1=&#8220;off&#8220; parallax_method_2=&#8220;off&#8220; parallax_method_3=&#8220;off&#8220; module_class=&#8220;nos-marches&#8220; _builder_version=&#8220;3.0.48&#8243; background_size=&#8220;initial&#8220; background_position=&#8220;top_left&#8220; background_repeat=&#8220;repeat&#8220;][et_pb_column type=&#8220;1_3&#8243;][et_pb_text _builder_version=&#8220;3.9&#8243; background_size=&#8220;initial&#8220; background_position=&#8220;top_left&#8220; background_repeat=&#8220;repeat&#8220; text_orientation=&#8220;center&#8220; module_alignment=&#8220;center&#8220; use_border_color=&#8220;off&#8220; border_color=&#8220;#ffffff&#8220; border_style=&#8220;solid&#8220;] [&hellip;]<\/p>\n","protected":false},"author":1,"featured_media":0,"parent":0,"menu_order":0,"comment_status":"closed","ping_status":"closed","template":"","meta":{"footnotes":""},"class_list":["post-593","page","type-page","status-publish","hentry"],"_links":{"self":[{"href":"https:\/\/www.fonderie-charollaise.fr\/de\/wp-json\/wp\/v2\/pages\/593","targetHints":{"allow":["GET"]}}],"collection":[{"href":"https:\/\/www.fonderie-charollaise.fr\/de\/wp-json\/wp\/v2\/pages"}],"about":[{"href":"https:\/\/www.fonderie-charollaise.fr\/de\/wp-json\/wp\/v2\/types\/page"}],"author":[{"embeddable":true,"href":"https:\/\/www.fonderie-charollaise.fr\/de\/wp-json\/wp\/v2\/users\/1"}],"replies":[{"embeddable":true,"href":"https:\/\/www.fonderie-charollaise.fr\/de\/wp-json\/wp\/v2\/comments?post=593"}],"version-history":[{"count":12,"href":"https:\/\/www.fonderie-charollaise.fr\/de\/wp-json\/wp\/v2\/pages\/593\/revisions"}],"predecessor-version":[{"id":981,"href":"https:\/\/www.fonderie-charollaise.fr\/de\/wp-json\/wp\/v2\/pages\/593\/revisions\/981"}],"wp:attachment":[{"href":"https:\/\/www.fonderie-charollaise.fr\/de\/wp-json\/wp\/v2\/media?parent=593"}],"curies":[{"name":"wp","href":"https:\/\/api.w.org\/{rel}","templated":true}]}}