{"id":578,"date":"2018-11-09T15:15:24","date_gmt":"2018-11-09T14:15:24","guid":{"rendered":"https:\/\/www.fonderie-charollaise.fr\/?page_id=578"},"modified":"2018-11-12T14:48:12","modified_gmt":"2018-11-12T13:48:12","slug":"know-how","status":"publish","type":"page","link":"https:\/\/www.fonderie-charollaise.fr\/de\/know-how\/","title":{"rendered":"Know-How"},"content":{"rendered":"<p>[et_pb_section fb_built=&#8220;1&#8243; admin_label=&#8220;section&#8220; _builder_version=&#8220;3.0.47&#8243;][et_pb_row admin_label=&#8220;row&#8220; _builder_version=&#8220;3.0.47&#8243; background_size=&#8220;initial&#8220; background_position=&#8220;top_left&#8220; background_repeat=&#8220;repeat&#8220;][et_pb_column type=&#8220;4_4&#8243; _builder_version=&#8220;3.0.47&#8243; parallax=&#8220;off&#8220; parallax_method=&#8220;on&#8220;][et_pb_text _builder_version=&#8220;3.9&#8243; background_size=&#8220;initial&#8220; background_position=&#8220;top_left&#8220; background_repeat=&#8220;repeat&#8220; use_border_color=&#8220;off&#8220;]<\/p>\n<p>&nbsp;<\/p>\n<h1>Know-How<\/h1>\n<p>&nbsp;<\/p>\n<p>[\/et_pb_text][\/et_pb_column][\/et_pb_row][et_pb_row _builder_version=&#8220;3.0.48&#8243; background_size=&#8220;initial&#8220; background_position=&#8220;top_left&#8220; background_repeat=&#8220;repeat&#8220;][et_pb_column type=&#8220;3_4&#8243; _builder_version=&#8220;3.0.47&#8243; parallax=&#8220;off&#8220; parallax_method=&#8220;on&#8220;][et_pb_text _builder_version=&#8220;3.9&#8243; background_size=&#8220;initial&#8220; background_position=&#8220;top_left&#8220; background_repeat=&#8220;repeat&#8220; use_border_color=&#8220;off&#8220; border_color=&#8220;#ffffff&#8220; border_style=&#8220;solid&#8220;]Die Gie\u00dferei Charollaise ist eine Sandgie\u00dferei und auf die Herstellung von kundenspezifischen Prototypen, Einzelteilen und kleinen Serien spezialisiert.<br \/>\nWir produzieren Fertigteile mit einem Einzelgewicht von 0,100 bis 350 kg.<\/p>\n<p>Unser umfangreiches Angebot an Werkstoffen umfasst \u00fcber <strong>150 verschiedene Varianten<\/strong> wie beispielsweise :<\/p>\n<p><strong>F\u00fcr den Stahl :<\/strong><\/p>\n<ul>\n<li>Stahlguss f\u00fcr allgemeinen Anwendungen gem\u00e4\u00df NF EN 10293<\/li>\n<li>Stahlguss f\u00fcr Druckbeh\u00e4lter gem\u00e4\u00df NF EN 10213<\/li>\n<li>Hitzebest\u00e4ndiger Stahlguss gem\u00e4\u00df NF EN 10295<\/li>\n<li>Stahlguss und Nickelgusslegierungen gem\u00e4\u00df NF A 32-060<\/li>\n<li>Korrosionsbest\u00e4ndiger Stahlguss gem\u00e4\u00df NF EN 10283<\/li>\n<li>Verschlei\u00dffester Stahlguss gem\u00e4\u00df NF A 32-058<\/li>\n<li>Magnetischer Stahlguss gem\u00e4\u00df NF A 32-052<\/li>\n<li>Stahl gem\u00e4\u00df ASTM-Norm<\/li>\n<\/ul>\n<p><strong>F\u00fcr das Gusseisen :<\/strong><\/p>\n<ul>\n<li>Gusseisen mit Lamellengraphit gem\u00e4\u00df NF EN 1561<\/li>\n<li>Gusseisen mit Kugelgraphit gem\u00e4\u00df NF EN 1563<\/li>\n<li>Verschlei\u00dfbest\u00e4ndiges Gusseisen gem\u00e4\u00df NF EN 12513<\/li>\n<li>Austenitisches Gusseisen gem\u00e4\u00df NF EN 13835<\/li>\n<\/ul>\n<p>&nbsp;<\/p>\n<p>Wir verarbeiten dar\u00fcber hinaus auch alle eisen-, kobalt- oder nickelhaltigen Werkstoffe. Kontaktieren Sie uns, wir beraten Sie gerne.<\/p>\n<p>Die Gie\u00dferei Charollaise bedient sich nicht nur der Digitalisierung, sondern verf\u00fcgt auch \u00fcber eine Produktionsst\u00e4tte (M2R) sowie \u00fcber Lackier- und Endfertigungsm\u00f6glichkeiten.<\/p>\n<p>Wir \u00fcbernehmen Ihr Projekt komplett von A bis Z.<br \/>\n[\/et_pb_text][et_pb_text _builder_version=&#8220;3.0.87&#8243; background_size=&#8220;initial&#8220; background_position=&#8220;top_left&#8220; background_repeat=&#8220;repeat&#8220; use_border_color=&#8220;off&#8220; border_color=&#8220;#ffffff&#8220; border_style=&#8220;solid&#8220; saved_tabs=&#8220;all&#8220;]<div class=\"printfriendly pf-button  pf-alignleft\">\n                    <a href=\"https:\/\/www.fonderie-charollaise.fr\/de\/know-how\/?pfstyle=wp\" rel=\"nofollow\" onclick=\"\" title=\"Printer Friendly, PDF & Email\">\n                    <img decoding=\"async\" class=\"pf-button-img\" src=\"https:\/\/cdn.printfriendly.com\/buttons\/printfriendly-pdf-button-nobg-md.png\" alt=\"Print Friendly, PDF & Email\" style=\"width: 124px;height: 30px;\"  \/>\n                    <\/a>\n                <\/div><br \/>\n[\/et_pb_text][\/et_pb_column][et_pb_column type=&#8220;1_4&#8243; _builder_version=&#8220;3.0.47&#8243; parallax=&#8220;off&#8220; parallax_method=&#8220;on&#8220;][et_pb_login title=&#8220;Einloggen&#8220; _builder_version=&#8220;3.0.87&#8243; use_border_color=&#8220;off&#8220; border_color=&#8220;#ffffff&#8220; border_style=&#8220;solid&#8220;][\/et_pb_login][et_pb_text module_class=&#8220;bloc-contact&#8220; _builder_version=&#8220;3.0.87&#8243; background_size=&#8220;initial&#8220; background_position=&#8220;top_left&#8220; background_repeat=&#8220;repeat&#8220; use_border_color=&#8220;off&#8220; border_color=&#8220;#ffffff&#8220; border_style=&#8220;solid&#8220;]<\/p>\n<h4>Kontakt<\/h4>\n<ul>\n<li class=\"home\"><img loading=\"lazy\" decoding=\"async\" class=\"alignleft size-full wp-image-89\" src=\"https:\/\/www.fonderie-charollaise.fr\/wp-content\/uploads\/2016\/05\/Adresse.png\" alt=\"Adresse\" width=\"22\" height=\"21\" \/>Fonderie Charollaise<br \/> Benjamin ECHALIER<br \/> La framboise BP5<br \/> 71420 GENELARD<\/li>\n<li><img loading=\"lazy\" decoding=\"async\" class=\"alignleft size-full wp-image-105\" src=\"https:\/\/www.fonderie-charollaise.fr\/wp-content\/uploads\/2016\/05\/Phone.png\" alt=\"Phone\" width=\"22\" height=\"21\" \/>+33 (0) 3 85 79 27 55<\/li>\n<\/ul>\n<p>[\/et_pb_text][\/et_pb_column][\/et_pb_row][\/et_pb_section]<\/p>\n","protected":false},"excerpt":{"rendered":"<p>[et_pb_section fb_built=&#8220;1&#8243; admin_label=&#8220;section&#8220; _builder_version=&#8220;3.0.47&#8243;][et_pb_row admin_label=&#8220;row&#8220; _builder_version=&#8220;3.0.47&#8243; background_size=&#8220;initial&#8220; background_position=&#8220;top_left&#8220; background_repeat=&#8220;repeat&#8220;][et_pb_column type=&#8220;4_4&#8243; _builder_version=&#8220;3.0.47&#8243; parallax=&#8220;off&#8220; parallax_method=&#8220;on&#8220;][et_pb_text _builder_version=&#8220;3.9&#8243; background_size=&#8220;initial&#8220; background_position=&#8220;top_left&#8220; background_repeat=&#8220;repeat&#8220; use_border_color=&#8220;off&#8220;] &nbsp; Know-How &nbsp; [\/et_pb_text][\/et_pb_column][\/et_pb_row][et_pb_row _builder_version=&#8220;3.0.48&#8243; background_size=&#8220;initial&#8220; background_position=&#8220;top_left&#8220; background_repeat=&#8220;repeat&#8220;][et_pb_column type=&#8220;3_4&#8243; _builder_version=&#8220;3.0.47&#8243; parallax=&#8220;off&#8220; parallax_method=&#8220;on&#8220;][et_pb_text _builder_version=&#8220;3.9&#8243; background_size=&#8220;initial&#8220; background_position=&#8220;top_left&#8220; background_repeat=&#8220;repeat&#8220; use_border_color=&#8220;off&#8220; border_color=&#8220;#ffffff&#8220; border_style=&#8220;solid&#8220;]Die Gie\u00dferei Charollaise ist eine Sandgie\u00dferei und auf die Herstellung von kundenspezifischen Prototypen, Einzelteilen und kleinen Serien spezialisiert. Wir [&hellip;]<\/p>\n","protected":false},"author":1,"featured_media":0,"parent":0,"menu_order":0,"comment_status":"closed","ping_status":"closed","template":"","meta":{"footnotes":""},"class_list":["post-578","page","type-page","status-publish","hentry"],"_links":{"self":[{"href":"https:\/\/www.fonderie-charollaise.fr\/de\/wp-json\/wp\/v2\/pages\/578","targetHints":{"allow":["GET"]}}],"collection":[{"href":"https:\/\/www.fonderie-charollaise.fr\/de\/wp-json\/wp\/v2\/pages"}],"about":[{"href":"https:\/\/www.fonderie-charollaise.fr\/de\/wp-json\/wp\/v2\/types\/page"}],"author":[{"embeddable":true,"href":"https:\/\/www.fonderie-charollaise.fr\/de\/wp-json\/wp\/v2\/users\/1"}],"replies":[{"embeddable":true,"href":"https:\/\/www.fonderie-charollaise.fr\/de\/wp-json\/wp\/v2\/comments?post=578"}],"version-history":[{"count":7,"href":"https:\/\/www.fonderie-charollaise.fr\/de\/wp-json\/wp\/v2\/pages\/578\/revisions"}],"predecessor-version":[{"id":919,"href":"https:\/\/www.fonderie-charollaise.fr\/de\/wp-json\/wp\/v2\/pages\/578\/revisions\/919"}],"wp:attachment":[{"href":"https:\/\/www.fonderie-charollaise.fr\/de\/wp-json\/wp\/v2\/media?parent=578"}],"curies":[{"name":"wp","href":"https:\/\/api.w.org\/{rel}","templated":true}]}}