{"id":575,"date":"2018-11-09T15:16:59","date_gmt":"2018-11-09T14:16:59","guid":{"rendered":"https:\/\/www.fonderie-charollaise.fr\/?page_id=575"},"modified":"2018-11-14T09:57:11","modified_gmt":"2018-11-14T08:57:11","slug":"konzeption-und-reverse-engineering","status":"publish","type":"page","link":"https:\/\/www.fonderie-charollaise.fr\/de\/konzeption-und-reverse-engineering\/","title":{"rendered":"Konzeption und Reverse Engineering"},"content":{"rendered":"<p>[et_pb_section bb_built=&#8220;1&#8243; admin_label=&#8220;section&#8220; _builder_version=&#8220;3.0.47&#8243;][et_pb_row admin_label=&#8220;row&#8220; _builder_version=&#8220;3.0.48&#8243; background_size=&#8220;initial&#8220; background_position=&#8220;top_left&#8220; background_repeat=&#8220;repeat&#8220;][et_pb_column type=&#8220;4_4&#8243;][et_pb_text _builder_version=&#8220;3.9&#8243; use_border_color=&#8220;off&#8220; border_color=&#8220;#ffffff&#8220; border_style=&#8220;solid&#8220;]<\/p>\n<h1>Konzeption und Reverse Engineering<\/h1>\n<p>[\/et_pb_text][\/et_pb_column][\/et_pb_row][et_pb_row _builder_version=&#8220;3.0.48&#8243; background_size=&#8220;initial&#8220; background_position=&#8220;top_left&#8220; background_repeat=&#8220;repeat&#8220;][et_pb_column type=&#8220;1_4&#8243;][et_pb_sidebar area=&#8220;et_pb_widget_area_1&#8243; module_class=&#8220;menu-vertical&#8220; _builder_version=&#8220;3.0.74&#8243; remove_border=&#8220;off&#8220; \/][et_pb_login title=&#8220;Einloggen&#8220; _builder_version=&#8220;3.9&#8243; use_border_color=&#8220;off&#8220; border_color=&#8220;#ffffff&#8220; border_style=&#8220;solid&#8220; \/][\/et_pb_column][et_pb_column type=&#8220;3_4&#8243;][et_pb_text _builder_version=&#8220;3.9&#8243; background_size=&#8220;initial&#8220; background_position=&#8220;top_left&#8220; background_repeat=&#8220;repeat&#8220; use_border_color=&#8220;off&#8220; border_color=&#8220;#ffffff&#8220; border_style=&#8220;solid&#8220;]<\/p>\n<p>Die Gie\u00dferei Charollaise bietet zudem die M\u00f6glichkeit, in Zusammenarbeit mit den Designb\u00fcros unserer Kunden die Dimensionen und Werkstoffe der zu produzierenden Produkten zu definieren.<br \/>\nWir sind mit einem ROMER ABSOLUT ARM Messarm mit integriertem Laserscanner ausgestattet. Der Softwareaspekt wird durch die POLYWORKS-Software abgedeckt. Dank diesen Ger\u00e4ten k\u00f6nnen wir die Datenerfassung bei einem pers\u00f6nlichen Gespr\u00e4ch oder auch ohne pers\u00f6nlichen Kontakt durchf\u00fchren.<\/p>\n<p><img loading=\"lazy\" decoding=\"async\" class=\"alignright wp-image-343 size-medium\" src=\"https:\/\/www.fonderie-charollaise.fr\/wp-content\/uploads\/2016\/10\/Sans-titre-300x225.jpg\" alt=\"sans-titre\" width=\"300\" height=\"225\" srcset=\"https:\/\/www.fonderie-charollaise.fr\/wp-content\/uploads\/2016\/10\/Sans-titre-300x225.jpg 300w, https:\/\/www.fonderie-charollaise.fr\/wp-content\/uploads\/2016\/10\/Sans-titre-768x577.jpg 768w, https:\/\/www.fonderie-charollaise.fr\/wp-content\/uploads\/2016\/10\/Sans-titre.jpg 997w\" sizes=\"auto, (max-width: 300px) 100vw, 300px\" \/><\/p>\n<p>Einige unserer Kunden verf\u00fcgen \u00fcber Teile, deren Originalhersteller nicht mehr existiert. Mithilfe des REVERSE ENGINEERING bieten wir unseren Kunden jedoch die M\u00f6glichkeit, diese Teile weiterhin herzustellen.<\/p>\n<p>Das Reverse Engineering besteht darin, aus einem gescannten Teil eine sogenannte Punktwolke zu erstellen, die nach der Bearbeitung durch POLYWORKS Oberfl\u00e4chenelemente oder parametrische Skizzen erh\u00e4lt, die dann direkt in unser CAO SOLIDWORKS eingespeist wird, um schlussendlich eine 3D-Datei zu rekonstruieren.<\/p>\n<p>Die 3D-Datei dient als Basis f\u00fcr :<\/p>\n<ul>\n<li>Die Zeichnung und den technischen Austausch mit dem Kunden,<\/li>\n<li>Die eventuelle Durchf\u00fchrung von F\u00fcll- und\/oder Abk\u00fchlsimulationen in der Gussform,<\/li>\n<li>Die eventuelle Erstellung von Konstruktionsberichten,<\/li>\n<li>Die Modellstudien und die Produktion von Gie\u00dfereiwerkzeugen,<img loading=\"lazy\" decoding=\"async\" class=\"alignright size-medium wp-image-342\" src=\"https:\/\/www.fonderie-charollaise.fr\/wp-content\/uploads\/2016\/10\/Sans-titre1-300x225.jpg\" alt=\"sans-titre1\" width=\"300\" height=\"225\" srcset=\"https:\/\/www.fonderie-charollaise.fr\/wp-content\/uploads\/2016\/10\/Sans-titre1-300x225.jpg 300w, https:\/\/www.fonderie-charollaise.fr\/wp-content\/uploads\/2016\/10\/Sans-titre1-768x577.jpg 768w, https:\/\/www.fonderie-charollaise.fr\/wp-content\/uploads\/2016\/10\/Sans-titre1.jpg 1001w\" sizes=\"auto, (max-width: 300px) 100vw, 300px\" \/><\/li>\n<li>Die Dimensionskontrolle,<\/li>\n<li>Die eventuelle Herstellung von Werkzeugen wie Schablonen, Ausgleichswellen sowie Werkzeugen zur hydraulischen Druckregelung und<\/li>\n<li>Den Nachbau verschiedener Teile. <img loading=\"lazy\" decoding=\"async\" class=\"alignleft wp-image-339 size-large\" src=\"https:\/\/www.fonderie-charollaise.fr\/wp-content\/uploads\/2016\/10\/IMG_20160728_095052A-1024x768.jpg\" alt=\"img_20160728_095052a\" width=\"1024\" height=\"768\" srcset=\"https:\/\/www.fonderie-charollaise.fr\/wp-content\/uploads\/2016\/10\/IMG_20160728_095052A-1024x768.jpg 1024w, https:\/\/www.fonderie-charollaise.fr\/wp-content\/uploads\/2016\/10\/IMG_20160728_095052A-300x225.jpg 300w, https:\/\/www.fonderie-charollaise.fr\/wp-content\/uploads\/2016\/10\/IMG_20160728_095052A-768x576.jpg 768w, https:\/\/www.fonderie-charollaise.fr\/wp-content\/uploads\/2016\/10\/IMG_20160728_095052A-1080x810.jpg 1080w, https:\/\/www.fonderie-charollaise.fr\/wp-content\/uploads\/2016\/10\/IMG_20160728_095052A.jpg 1067w\" sizes=\"auto, (max-width: 1024px) 100vw, 1024px\" \/><\/li>\n<\/ul>\n<p>[\/et_pb_text][et_pb_text _builder_version=&#8220;3.9&#8243; background_size=&#8220;initial&#8220; background_position=&#8220;top_left&#8220; background_repeat=&#8220;repeat&#8220; use_border_color=&#8220;off&#8220; border_color=&#8220;#ffffff&#8220; border_style=&#8220;solid&#8220;]<\/p>\n<h4>Eine Auswahl unserer Anfertigungen\u2026<\/h4>\n<p>[\/et_pb_text][et_pb_gallery gallery_ids=&#8220;254,253,252,358,359,360&#8243; posts_number=&#8220;6&#8243; show_title_and_caption=&#8220;off&#8220; _builder_version=&#8220;3.0.87&#8243; use_border_color=&#8220;off&#8220; border_color=&#8220;#ffffff&#8220; border_style=&#8220;solid&#8220; \/][et_pb_text _builder_version=&#8220;3.0.87&#8243; background_size=&#8220;initial&#8220; background_position=&#8220;top_left&#8220; background_repeat=&#8220;repeat&#8220; use_border_color=&#8220;off&#8220; border_color=&#8220;#ffffff&#8220; border_style=&#8220;solid&#8220; saved_tabs=&#8220;all&#8220;]<\/p>\n<div class=\"printfriendly pf-button  pf-alignleft\">\n                    <a href=\"https:\/\/www.fonderie-charollaise.fr\/de\/konzeption-und-reverse-engineering\/?pfstyle=wp\" rel=\"nofollow\" onclick=\"\" title=\"Printer Friendly, PDF & Email\">\n                    <img decoding=\"async\" class=\"pf-button-img\" src=\"https:\/\/cdn.printfriendly.com\/buttons\/printfriendly-pdf-button-nobg-md.png\" alt=\"Print Friendly, PDF & Email\" style=\"width: 124px;height: 30px;\"  \/>\n                    <\/a>\n                <\/div>\n<p>[\/et_pb_text][\/et_pb_column][\/et_pb_row][\/et_pb_section]<\/p>\n","protected":false},"excerpt":{"rendered":"<p>[et_pb_section bb_built=&#8220;1&#8243; admin_label=&#8220;section&#8220; _builder_version=&#8220;3.0.47&#8243;][et_pb_row admin_label=&#8220;row&#8220; _builder_version=&#8220;3.0.48&#8243; background_size=&#8220;initial&#8220; background_position=&#8220;top_left&#8220; background_repeat=&#8220;repeat&#8220;][et_pb_column type=&#8220;4_4&#8243;][et_pb_text _builder_version=&#8220;3.9&#8243; use_border_color=&#8220;off&#8220; border_color=&#8220;#ffffff&#8220; border_style=&#8220;solid&#8220;] Konzeption und Reverse Engineering [\/et_pb_text][\/et_pb_column][\/et_pb_row][et_pb_row _builder_version=&#8220;3.0.48&#8243; background_size=&#8220;initial&#8220; background_position=&#8220;top_left&#8220; background_repeat=&#8220;repeat&#8220;][et_pb_column type=&#8220;1_4&#8243;][et_pb_sidebar area=&#8220;et_pb_widget_area_1&#8243; module_class=&#8220;menu-vertical&#8220; _builder_version=&#8220;3.0.74&#8243; remove_border=&#8220;off&#8220; \/][et_pb_login title=&#8220;Einloggen&#8220; _builder_version=&#8220;3.9&#8243; use_border_color=&#8220;off&#8220; border_color=&#8220;#ffffff&#8220; border_style=&#8220;solid&#8220; \/][\/et_pb_column][et_pb_column type=&#8220;3_4&#8243;][et_pb_text _builder_version=&#8220;3.9&#8243; background_size=&#8220;initial&#8220; background_position=&#8220;top_left&#8220; background_repeat=&#8220;repeat&#8220; use_border_color=&#8220;off&#8220; border_color=&#8220;#ffffff&#8220; border_style=&#8220;solid&#8220;] Die Gie\u00dferei Charollaise bietet zudem die M\u00f6glichkeit, in Zusammenarbeit mit den Designb\u00fcros [&hellip;]<\/p>\n","protected":false},"author":1,"featured_media":0,"parent":0,"menu_order":0,"comment_status":"closed","ping_status":"closed","template":"","meta":{"footnotes":""},"class_list":["post-575","page","type-page","status-publish","hentry"],"_links":{"self":[{"href":"https:\/\/www.fonderie-charollaise.fr\/de\/wp-json\/wp\/v2\/pages\/575","targetHints":{"allow":["GET"]}}],"collection":[{"href":"https:\/\/www.fonderie-charollaise.fr\/de\/wp-json\/wp\/v2\/pages"}],"about":[{"href":"https:\/\/www.fonderie-charollaise.fr\/de\/wp-json\/wp\/v2\/types\/page"}],"author":[{"embeddable":true,"href":"https:\/\/www.fonderie-charollaise.fr\/de\/wp-json\/wp\/v2\/users\/1"}],"replies":[{"embeddable":true,"href":"https:\/\/www.fonderie-charollaise.fr\/de\/wp-json\/wp\/v2\/comments?post=575"}],"version-history":[{"count":8,"href":"https:\/\/www.fonderie-charollaise.fr\/de\/wp-json\/wp\/v2\/pages\/575\/revisions"}],"predecessor-version":[{"id":976,"href":"https:\/\/www.fonderie-charollaise.fr\/de\/wp-json\/wp\/v2\/pages\/575\/revisions\/976"}],"wp:attachment":[{"href":"https:\/\/www.fonderie-charollaise.fr\/de\/wp-json\/wp\/v2\/media?parent=575"}],"curies":[{"name":"wp","href":"https:\/\/api.w.org\/{rel}","templated":true}]}}